{"id":1493,"date":"2018-10-02T10:40:32","date_gmt":"2018-10-02T08:40:32","guid":{"rendered":"https:\/\/blog.imageaccess.de\/?page_id=1493"},"modified":"2018-10-02T10:40:32","modified_gmt":"2018-10-02T08:40:32","slug":"udo-otto-und-der-widetek-36art-vereint-durch-die-liebe-zur-malerei","status":"publish","type":"page","link":"https:\/\/blog.imageaccess.de\/?page_id=1493","title":{"rendered":"Udo, Otto und der WideTEK\u00ae 36ART vereint durch die Liebe zur Malerei"},"content":{"rendered":"<h4><img loading=\"lazy\" decoding=\"async\" src=\"https:\/\/blog.imageaccess.de\/wp-content\/uploads\/2018\/09\/IMG_1576.jpg\" alt=\"\" class=\"alignnone wp-image-1497\" width=\"728\" height=\"485\" \/><\/h4>\n<h4 style=\"text-align: center;\"><strong>Unser Kunstscanner steht an prominenter Stelle<br \/>\nin den Walentowski Galerien<\/strong><\/h4>\n<p>Was haben Udo Lindenberg, Otto Waalkes und unser Kunstscanner gemeinsam? Alle drei vereint die Liebe zur Malerei und alle drei sind in den <span><a href=\"http:\/\/www.walentowski-galerien.de\/\">Walentowski Galerien<\/a><\/span> zu Hause. W\u00e4hrend Udo Lindenberg vor allem sich selbst karikiert, ist Otto Waalkes f\u00fcr seine Ottifanten bekannt. Dar\u00fcber hinaus ist aber auch Marilyn Monroe eines seiner Motive. Und Image Access? Sorgt f\u00fcr eine hochwertige Digitalisierung und Archivierung ebendieser und weiterer Werke verschiedenster K\u00fcnstler.<\/p>\n\n\t\t<style type=\"text\/css\">\n\t\t\t#gallery-1 {\n\t\t\t\tmargin: auto;\n\t\t\t}\n\t\t\t#gallery-1 .gallery-item {\n\t\t\t\tfloat: left;\n\t\t\t\tmargin-top: 10px;\n\t\t\t\ttext-align: center;\n\t\t\t\twidth: 33%;\n\t\t\t}\n\t\t\t#gallery-1 img {\n\t\t\t\tborder: 2px solid #cfcfcf;\n\t\t\t}\n\t\t\t#gallery-1 .gallery-caption {\n\t\t\t\tmargin-left: 0;\n\t\t\t}\n\t\t\t\/* see gallery_shortcode() in wp-includes\/media.php *\/\n\t\t<\/style>\n\t\t<div id='gallery-1' class='gallery galleryid-1493 gallery-columns-3 gallery-size-thumbnail'><dl class='gallery-item'>\n\t\t\t<dt class='gallery-icon landscape'>\n\t\t\t\t<a href='https:\/\/blog.imageaccess.de\/?attachment_id=1501'><img loading=\"lazy\" decoding=\"async\" width=\"300\" height=\"200\" src=\"https:\/\/blog.imageaccess.de\/wp-content\/uploads\/2018\/09\/IMG_1511.jpg\" class=\"attachment-thumbnail size-thumbnail\" alt=\"\" aria-describedby=\"gallery-1-1501\" \/><\/a>\n\t\t\t<\/dt>\n\t\t\t\t<dd class='wp-caption-text gallery-caption' id='gallery-1-1501'>\n\t\t\t\tSehr modern: Malerei auf Aluminium\n\t\t\t\t<\/dd><\/dl><dl class='gallery-item'>\n\t\t\t<dt class='gallery-icon landscape'>\n\t\t\t\t<a href='https:\/\/blog.imageaccess.de\/?attachment_id=1500'><img loading=\"lazy\" decoding=\"async\" width=\"300\" height=\"200\" src=\"https:\/\/blog.imageaccess.de\/wp-content\/uploads\/2018\/09\/IMG_1484.jpg\" class=\"attachment-thumbnail size-thumbnail\" alt=\"\" aria-describedby=\"gallery-1-1500\" \/><\/a>\n\t\t\t<\/dt>\n\t\t\t\t<dd class='wp-caption-text gallery-caption' id='gallery-1-1500'>\n\t\t\t\tDer WideTEK\u00ae 36ART&#8230;\n\t\t\t\t<\/dd><\/dl><dl class='gallery-item'>\n\t\t\t<dt class='gallery-icon landscape'>\n\t\t\t\t<a href='https:\/\/blog.imageaccess.de\/?attachment_id=1502'><img loading=\"lazy\" decoding=\"async\" width=\"300\" height=\"200\" src=\"https:\/\/blog.imageaccess.de\/wp-content\/uploads\/2018\/09\/IMG_1491.jpg\" class=\"attachment-thumbnail size-thumbnail\" alt=\"\" aria-describedby=\"gallery-1-1502\" \/><\/a>\n\t\t\t<\/dt>\n\t\t\t\t<dd class='wp-caption-text gallery-caption' id='gallery-1-1502'>\n\t\t\t\t&#8230;scannt in den Walentowski Galerien\n\t\t\t\t<\/dd><\/dl><br style=\"clear: both\" \/>\n\t\t<\/div>\n\n<p>In einem eigenen Raum, umgeben von diversen Rahmenmustern, steht seit Ende des letzten Jahres der Kunstscanner <span><a href=\"https:\/\/www.imageaccess.de\/?page=ScannersWT36ART-600&amp;lang=de\">WideTEK 36ART<\/a><\/span> im Werler Stammhaus. Bereits auf der CEBIT 2017, wo der Scanner seine Premiere feierte, kam der erste Kontakt zustande. Niklas Walentowski, Enkel von Firmengr\u00fcnder Heinrich Walentowski und in den Galerien vor allem f\u00fcr die Bereiche Marketing und PR verantwortlich, erinnert sich: \u201eAuf der CEBIT sah ich den Kunstscanner und dachte sofort, dass wir diesen unglaublich gut f\u00fcr Galerien gebrauchen k\u00f6nnten. Nach einer Vorf\u00fchrung war ich dann so \u00fcberzeugt, dass ich meinen Vater und Gro\u00dfvater ins Boot holte und beide von der nicht ganz g\u00fcnstigen aber sehr zukunftsweisenden Investition \u00fcberzeugen konnte\u201c.<\/p>\n<p><img loading=\"lazy\" decoding=\"async\" src=\"https:\/\/blog.imageaccess.de\/wp-content\/uploads\/2018\/09\/IMG_1474.jpg\" alt=\"\" class=\"alignnone wp-image-1499\" width=\"353\" height=\"235\" \/>\u00a0 <img loading=\"lazy\" decoding=\"async\" src=\"https:\/\/blog.imageaccess.de\/wp-content\/uploads\/2018\/09\/IMG_1572.jpg\" alt=\"\" class=\"alignnone wp-image-1503\" width=\"350\" height=\"233\" \/><\/p>\n<p><em>Niklas Walentowski beim Scannen und in der Jubil\u00e4umsausstellung <\/em><\/p>\n<p>&nbsp;<\/p>\n<p>Der komplette Bestand umfasst einige tausend Bilder, viele davon im Stammhaus, aber auch in den weiteren Galerien. Das Taschenbergpalais in Dresden, das Hotel Adlon in Berlin oder auch der Promi-Ort Sylt sind nur einige der bundesweiten Standorte. Meeresluft k\u00f6nnen die vielf\u00e4ltigen Kunstwerke seit einiger Zeit zudem in einer \u201eschwimmenden Galerie\u201c auf dem Kreuzfahrtschiff \u201eMein Schiff 2\u201c von TUI Cruises schnuppern.<\/p>\n<p>Derart viele Gem\u00e4lde gilt es mit dem WideTEK<sup>\u00ae<\/sup> 36ART zu scannen und sich so ein umfassendes digitales Archiv aufzubauen. Eine neue Datenbank gekoppelt mit einem digitalen Dokumentmanagement-System sorgt daf\u00fcr, dass jede Galerie jedes Bild sehen kann und wei\u00df, wo was ausgestellt ist. Dazu wird jedes Bild mit einer Artikelnummer versehen. Die Vorschaudatei des Scans kann direkt in die Datenbank gespeichert und von dort weiterberarbeitet werden. Das spart Zeit und macht den Digitalisierungsprozess effizient und einfach.<\/p>\n<p>Der patentierte 3D-Scanmodus des Kunstscanners l\u00e4sst Oberfl\u00e4chenstrukturen hervorheben, so dass ein plastischer Eindruck des Objekts erzielt wird und feinste Pinselstriche noch besser zur Geltung kommen. Neben dem digitalen Archiv profitiert davon auch die Firmen-Website, denn dort sind viele Werke der verschiedenen K\u00fcnstler abgebildet. Und auch die Social Media Profile auf <span><a href=\"https:\/\/www.facebook.com\/WalentowskiGalerien\/\">Facebook<\/a><\/span> und <span><a href=\"https:\/\/www.instagram.com\/explore\/locations\/185764801969409\/walentowski-galerien\/?hl=de\">Instagram<\/a><\/span> laden zum Reinschauen ein.<\/p>\n\n\t\t<style type=\"text\/css\">\n\t\t\t#gallery-2 {\n\t\t\t\tmargin: auto;\n\t\t\t}\n\t\t\t#gallery-2 .gallery-item {\n\t\t\t\tfloat: left;\n\t\t\t\tmargin-top: 10px;\n\t\t\t\ttext-align: center;\n\t\t\t\twidth: 33%;\n\t\t\t}\n\t\t\t#gallery-2 img {\n\t\t\t\tborder: 2px solid #cfcfcf;\n\t\t\t}\n\t\t\t#gallery-2 .gallery-caption {\n\t\t\t\tmargin-left: 0;\n\t\t\t}\n\t\t\t\/* see gallery_shortcode() in wp-includes\/media.php *\/\n\t\t<\/style>\n\t\t<div id='gallery-2' class='gallery galleryid-1493 gallery-columns-3 gallery-size-thumbnail'><dl class='gallery-item'>\n\t\t\t<dt class='gallery-icon landscape'>\n\t\t\t\t<a href='https:\/\/blog.imageaccess.de\/?attachment_id=1504'><img loading=\"lazy\" decoding=\"async\" width=\"300\" height=\"200\" src=\"https:\/\/blog.imageaccess.de\/wp-content\/uploads\/2018\/09\/IMG_1510.jpg\" class=\"attachment-thumbnail size-thumbnail\" alt=\"\" \/><\/a>\n\t\t\t<\/dt><\/dl><dl class='gallery-item'>\n\t\t\t<dt class='gallery-icon landscape'>\n\t\t\t\t<a href='https:\/\/blog.imageaccess.de\/?attachment_id=1506'><img loading=\"lazy\" decoding=\"async\" width=\"300\" height=\"200\" src=\"https:\/\/blog.imageaccess.de\/wp-content\/uploads\/2018\/09\/IMG_1580.jpg\" class=\"attachment-thumbnail size-thumbnail\" alt=\"\" \/><\/a>\n\t\t\t<\/dt><\/dl><dl class='gallery-item'>\n\t\t\t<dt class='gallery-icon landscape'>\n\t\t\t\t<a href='https:\/\/blog.imageaccess.de\/?attachment_id=1505'><img loading=\"lazy\" decoding=\"async\" width=\"300\" height=\"200\" src=\"https:\/\/blog.imageaccess.de\/wp-content\/uploads\/2018\/09\/IMG_1538.jpg\" class=\"attachment-thumbnail size-thumbnail\" alt=\"\" \/><\/a>\n\t\t\t<\/dt><\/dl><br style=\"clear: both\" \/>\n\t\t<\/div>\n\n<p><em>Die Walentowski Galerien stellen u. a. von K\u00fcnstler Otto Waalkes aus<\/em><\/p>\n<p>&nbsp;<\/p>\n<p>Nicht zuletzt wird der Kunstscanner au\u00dferdem zur Reproduktion von Kleinauflagen im Siebdruck-Verfahren eingesetzt. Hier spielt die Farbgenauigkeit eine besondere Rolle und manch K\u00fcnstler verfolgt den Druck, um abschlie\u00dfend eine Freigabe f\u00fcr den Verkauf zu erteilen.<\/p>\n<p>Wohin die Zukunft geht? In K\u00fcrze wird die 15. Galerie in Bad Homburg er\u00f6ffnet. Bis Ende September lief eine Jubil\u00e4umsausstellung in Werl, anl\u00e4sslich des 50j\u00e4hrigen Firmenbestehens. Hier wurde ein buntes Potpourri verschiedenster K\u00fcnstler der Gegenwartsmalerei gezeigt.<\/p>\n<p>&nbsp;<\/p>\n<p><img loading=\"lazy\" decoding=\"async\" src=\"https:\/\/blog.imageaccess.de\/wp-content\/uploads\/2018\/09\/IMG_1551.jpg\" alt=\"\" class=\"alignnone wp-image-1507 size-full\" width=\"6000\" height=\"4000\" \/><\/p>\n<p><em>K\u00fcrzlich feierten die Walentowski Galerien ihr 50j\u00e4hriges Firmenjubil\u00e4um<\/em><\/p>\n<p>&nbsp;<\/p>\n<p>Und was tut sich bei Image Access? Dazu R\u00fcdiger Klepsch, Gesch\u00e4ftsf\u00fchrer, Vertriebs- und Marketingleiter: \u201eAuch bei uns dreht sich das Rad immer weiter. Nach dem Kunstscanner in 2017 haben wir dieses Jahr mit den neuen Einzugsscannern WideTEK<sup>\u00ae<\/sup> 48CL und WideTEK<sup>\u00ae<\/sup> 60CL sowie dem neuen Buchscanner Bookeye<sup>\u00ae<\/sup> 4 V2 Semiautomatik drei innovative Ger\u00e4te auf den Markt gebracht. Im n\u00e4chsten Jahr stehen weitere Entwicklungen auf dem Programm, die wir aber noch nicht verraten. Nur so viel: Es wird einen Produktrelaunch geben\u201c. Na dann, auf in den Digitalisierungsolymp!<\/p>\n<p><img loading=\"lazy\" decoding=\"async\" src=\"https:\/\/blog.imageaccess.de\/wp-content\/uploads\/2018\/10\/ScannerCollage.png\" alt=\"\" class=\"alignnone size-full wp-image-1639\" width=\"820\" height=\"288\" \/><\/p>\n<p><em>Links der WideTEK<sup>\u00ae<\/sup> 36ART, rechts der neue WideTEK<sup>\u00ae<\/sup> 60CL<\/em><\/p>\n","protected":false},"excerpt":{"rendered":"<p>Unser Kunstscanner steht an prominenter Stelle in den Walentowski Galerien Was haben Udo Lindenberg, Otto Waalkes und unser Kunstscanner gemeinsam? Alle drei vereint die Liebe zur Malerei und alle drei sind in den Walentowski Galerien zu Hause. W\u00e4hrend Udo Lindenberg vor allem sich selbst karikiert, ist Otto Waalkes f\u00fcr seine [&hellip;]<\/p>\n","protected":false},"author":4,"featured_media":1517,"parent":0,"menu_order":0,"comment_status":"closed","ping_status":"closed","template":"","meta":{"footnotes":""},"class_list":["post-1493","page","type-page","status-publish","has-post-thumbnail","hentry"],"_links":{"self":[{"href":"https:\/\/blog.imageaccess.de\/index.php?rest_route=\/wp\/v2\/pages\/1493","targetHints":{"allow":["GET"]}}],"collection":[{"href":"https:\/\/blog.imageaccess.de\/index.php?rest_route=\/wp\/v2\/pages"}],"about":[{"href":"https:\/\/blog.imageaccess.de\/index.php?rest_route=\/wp\/v2\/types\/page"}],"author":[{"embeddable":true,"href":"https:\/\/blog.imageaccess.de\/index.php?rest_route=\/wp\/v2\/users\/4"}],"replies":[{"embeddable":true,"href":"https:\/\/blog.imageaccess.de\/index.php?rest_route=%2Fwp%2Fv2%2Fcomments&post=1493"}],"version-history":[{"count":36,"href":"https:\/\/blog.imageaccess.de\/index.php?rest_route=\/wp\/v2\/pages\/1493\/revisions"}],"predecessor-version":[{"id":1642,"href":"https:\/\/blog.imageaccess.de\/index.php?rest_route=\/wp\/v2\/pages\/1493\/revisions\/1642"}],"wp:featuredmedia":[{"embeddable":true,"href":"https:\/\/blog.imageaccess.de\/index.php?rest_route=\/wp\/v2\/media\/1517"}],"wp:attachment":[{"href":"https:\/\/blog.imageaccess.de\/index.php?rest_route=%2Fwp%2Fv2%2Fmedia&parent=1493"}],"curies":[{"name":"wp","href":"https:\/\/api.w.org\/{rel}","templated":true}]}}