{"id":1610,"date":"2018-10-02T10:38:45","date_gmt":"2018-10-02T08:38:45","guid":{"rendered":"https:\/\/blog.imageaccess.de\/?page_id=1610"},"modified":"2018-10-02T10:38:45","modified_gmt":"2018-10-02T08:38:45","slug":"us-partnertag-in-las-vegas","status":"publish","type":"page","link":"https:\/\/blog.imageaccess.de\/?page_id=1610","title":{"rendered":"US Partnertag in Las Vegas"},"content":{"rendered":"<p><span>Alle zwei Jahre kommt die Image Access LP mit ihren amerikanischen Vertriebspartnern in Las Vegas zusammen. Austausch zu neuen Produkten und zuk\u00fcnftigen Entwicklungen stehen hier auf dem Programm. <\/span><\/p>\n<p><span>Die Teilnehmer haben die M\u00f6glichkeit, sich pers\u00f6nlich mit Image Access Mitarbeitern und nat\u00fcrlich CEO Thomas Ingendoh zu treffen. Mehrere Gastreferenten aus der Reprografie- und Druckindustrie werden ihr Fachwissen \u00fcber Marktchancen und Erfolgsgeschichten einbringen.<br \/>\n<\/span><\/p>\n<p>Parallel zur Partnerkonferenz ist Image Access auf der SGIA Expo 2018 anzutreffen. Diese bringt mehr als 550 Aussteller und Zehntausende von Fachleuten aus den Bereichen Industrie, Grafik, Bekleidung, Textil, Elektronik, Verpackung und Werbedruck zusammen. Vom 18. bis 20. Oktober k\u00f6nnen Besucher am Stand 3917 die neuesten &#8220;Made in Germany&#8221; Gro\u00dfformatscanner von Image Access in Aktion erleben.<\/p>\n<p>Sie sind auch in Las Vegas? Kommen Sie zu unserem Stand, wir freuen uns auf Sie!<\/p>\n<p>&nbsp;<\/p>\n<p>&nbsp;<\/p>\n","protected":false},"excerpt":{"rendered":"<p>Alle zwei Jahre kommt die Image Access LP mit ihren amerikanischen Vertriebspartnern in Las Vegas zusammen. Austausch zu neuen Produkten und zuk\u00fcnftigen Entwicklungen stehen hier auf dem Programm. Die Teilnehmer haben die M\u00f6glichkeit, sich pers\u00f6nlich mit Image Access Mitarbeitern und nat\u00fcrlich CEO Thomas Ingendoh zu treffen. Mehrere Gastreferenten aus der [&hellip;]<\/p>\n","protected":false},"author":4,"featured_media":1616,"parent":0,"menu_order":0,"comment_status":"closed","ping_status":"closed","template":"","meta":{"footnotes":""},"class_list":["post-1610","page","type-page","status-publish","has-post-thumbnail","hentry"],"_links":{"self":[{"href":"https:\/\/blog.imageaccess.de\/index.php?rest_route=\/wp\/v2\/pages\/1610","targetHints":{"allow":["GET"]}}],"collection":[{"href":"https:\/\/blog.imageaccess.de\/index.php?rest_route=\/wp\/v2\/pages"}],"about":[{"href":"https:\/\/blog.imageaccess.de\/index.php?rest_route=\/wp\/v2\/types\/page"}],"author":[{"embeddable":true,"href":"https:\/\/blog.imageaccess.de\/index.php?rest_route=\/wp\/v2\/users\/4"}],"replies":[{"embeddable":true,"href":"https:\/\/blog.imageaccess.de\/index.php?rest_route=%2Fwp%2Fv2%2Fcomments&post=1610"}],"version-history":[{"count":5,"href":"https:\/\/blog.imageaccess.de\/index.php?rest_route=\/wp\/v2\/pages\/1610\/revisions"}],"predecessor-version":[{"id":1617,"href":"https:\/\/blog.imageaccess.de\/index.php?rest_route=\/wp\/v2\/pages\/1610\/revisions\/1617"}],"wp:featuredmedia":[{"embeddable":true,"href":"https:\/\/blog.imageaccess.de\/index.php?rest_route=\/wp\/v2\/media\/1616"}],"wp:attachment":[{"href":"https:\/\/blog.imageaccess.de\/index.php?rest_route=%2Fwp%2Fv2%2Fmedia&parent=1610"}],"curies":[{"name":"wp","href":"https:\/\/api.w.org\/{rel}","templated":true}]}}