{"id":162,"date":"2017-12-13T12:11:28","date_gmt":"2017-12-13T11:11:28","guid":{"rendered":"https:\/\/blog.imageaccess.de\/?page_id=162"},"modified":"2018-01-17T15:23:30","modified_gmt":"2018-01-17T14:23:30","slug":"image-access-feiert-weihnachten","status":"publish","type":"page","link":"https:\/\/blog.imageaccess.de\/?page_id=162","title":{"rendered":"<img  title=\"German Flag\" src=\"https:\/\/blog.imageaccess.de\/wp-content\/uploads\/2018\/01\/German-Flag.png\" \/>&nbsp; Image Access feiert Weihnachten"},"content":{"rendered":"<p>Am 8. Dezember lud Thomas Ingendoh, CEO von Image Access, alle Mitarbeiter und ihre Familien sowie die deutschen Vertriebspartner zur allj\u00e4hrlichen Weihnachtsfeier ins <a href=\"https:\/\/www.golfhotel-vesper.de\/feiern\/scheune.html\">Golfhotel Vesper<\/a> in Wuppertal ein. Gaumenfreuden unter dem Motto &#8220;Weihnachtsmarkt&#8221;, eine Tombola f\u00fcr Kinder und viele nette Gespr\u00e4che bildeten den Rahmen f\u00fcr einen sehr sch\u00f6nen und lustigen Abend. W\u00e4hrend der Feier verwandelte sich Wuppertal in ein &#8220;Winterwunderland&#8221;, das die Heimfahrt f\u00fcr alle Beteiligten zu einem gro\u00dfen Abenteuer werden lie\u00df.<\/p>\n\n\t\t<style type=\"text\/css\">\n\t\t\t#gallery-1 {\n\t\t\t\tmargin: auto;\n\t\t\t}\n\t\t\t#gallery-1 .gallery-item {\n\t\t\t\tfloat: left;\n\t\t\t\tmargin-top: 10px;\n\t\t\t\ttext-align: center;\n\t\t\t\twidth: 33%;\n\t\t\t}\n\t\t\t#gallery-1 img {\n\t\t\t\tborder: 2px solid #cfcfcf;\n\t\t\t}\n\t\t\t#gallery-1 .gallery-caption {\n\t\t\t\tmargin-left: 0;\n\t\t\t}\n\t\t\t\/* see gallery_shortcode() in wp-includes\/media.php *\/\n\t\t<\/style>\n\t\t<div id='gallery-1' class='gallery galleryid-162 gallery-columns-3 gallery-size-thumbnail'><dl class='gallery-item'>\n\t\t\t<dt class='gallery-icon landscape'>\n\t\t\t\t<a href='https:\/\/blog.imageaccess.de\/?attachment_id=151'><img loading=\"lazy\" decoding=\"async\" width=\"300\" height=\"200\" src=\"https:\/\/blog.imageaccess.de\/wp-content\/uploads\/2017\/12\/IMG_0982.jpg\" class=\"attachment-thumbnail size-thumbnail\" alt=\"\" aria-describedby=\"gallery-1-151\" \/><\/a>\n\t\t\t<\/dt>\n\t\t\t\t<dd class='wp-caption-text gallery-caption' id='gallery-1-151'>\n\t\t\t\tA very reflective evening with a lot of snow.\n\t\t\t\t<\/dd><\/dl><dl class='gallery-item'>\n\t\t\t<dt class='gallery-icon landscape'>\n\t\t\t\t<a href='https:\/\/blog.imageaccess.de\/?attachment_id=149'><img loading=\"lazy\" decoding=\"async\" width=\"300\" height=\"200\" src=\"https:\/\/blog.imageaccess.de\/wp-content\/uploads\/2017\/12\/IMG_0943.jpg\" class=\"attachment-thumbnail size-thumbnail\" alt=\"\" aria-describedby=\"gallery-1-149\" \/><\/a>\n\t\t\t<\/dt>\n\t\t\t\t<dd class='wp-caption-text gallery-caption' id='gallery-1-149'>\n\t\t\t\tAt every Image Access Christmas party, children of the employees are given Christmas presents by CEO Thomas Ingendoh.\n\t\t\t\t<\/dd><\/dl><dl class='gallery-item'>\n\t\t\t<dt class='gallery-icon landscape'>\n\t\t\t\t<a href='https:\/\/blog.imageaccess.de\/?attachment_id=148'><img loading=\"lazy\" decoding=\"async\" width=\"300\" height=\"200\" src=\"https:\/\/blog.imageaccess.de\/wp-content\/uploads\/2017\/12\/IMG_0939.jpg\" class=\"attachment-thumbnail size-thumbnail\" alt=\"\" aria-describedby=\"gallery-1-148\" \/><\/a>\n\t\t\t<\/dt>\n\t\t\t\t<dd class='wp-caption-text gallery-caption' id='gallery-1-148'>\n\t\t\t\tCurrywurst was part of the catering at the Christmas Market.\n\t\t\t\t<\/dd><\/dl><br style=\"clear: both\" \/><dl class='gallery-item'>\n\t\t\t<dt class='gallery-icon landscape'>\n\t\t\t\t<a href='https:\/\/blog.imageaccess.de\/?attachment_id=147'><img loading=\"lazy\" decoding=\"async\" width=\"300\" height=\"200\" src=\"https:\/\/blog.imageaccess.de\/wp-content\/uploads\/2017\/12\/IMG_0893.jpg\" class=\"attachment-thumbnail size-thumbnail\" alt=\"\" aria-describedby=\"gallery-1-147\" \/><\/a>\n\t\t\t<\/dt>\n\t\t\t\t<dd class='wp-caption-text gallery-caption' id='gallery-1-147'>\n\t\t\t\tChristmas atmosphere at the party in Golfhotel Vesper. \n\t\t\t\t<\/dd><\/dl><dl class='gallery-item'>\n\t\t\t<dt class='gallery-icon portrait'>\n\t\t\t\t<a href='https:\/\/blog.imageaccess.de\/?attachment_id=181'><img loading=\"lazy\" decoding=\"async\" width=\"200\" height=\"300\" src=\"https:\/\/blog.imageaccess.de\/wp-content\/uploads\/2017\/12\/IMG_0923-1.jpg\" class=\"attachment-thumbnail size-thumbnail\" alt=\"\" aria-describedby=\"gallery-1-181\" \/><\/a>\n\t\t\t<\/dt>\n\t\t\t\t<dd class='wp-caption-text gallery-caption' id='gallery-1-181'>\n\t\t\t\tCOO R\u00fcdiger Klepsch talked about the financial year of Image Access.\n\t\t\t\t<\/dd><\/dl><dl class='gallery-item'>\n\t\t\t<dt class='gallery-icon landscape'>\n\t\t\t\t<a href='https:\/\/blog.imageaccess.de\/?attachment_id=146'><img loading=\"lazy\" decoding=\"async\" width=\"300\" height=\"200\" src=\"https:\/\/blog.imageaccess.de\/wp-content\/uploads\/2017\/12\/IMG_0880.jpg\" class=\"attachment-thumbnail size-thumbnail\" alt=\"\" aria-describedby=\"gallery-1-146\" \/><\/a>\n\t\t\t<\/dt>\n\t\t\t\t<dd class='wp-caption-text gallery-caption' id='gallery-1-146'>\n\t\t\t\tThe employees talked and celebrated.\n\t\t\t\t<\/dd><\/dl><br style=\"clear: both\" \/>\n\t\t<\/div>\n\n","protected":false},"excerpt":{"rendered":"<p>Am 8. Dezember lud Thomas Ingendoh, CEO von Image Access, alle Mitarbeiter und ihre Familien sowie die deutschen Vertriebspartner zur allj\u00e4hrlichen Weihnachtsfeier ins Golfhotel Vesper in Wuppertal ein. Gaumenfreuden unter dem Motto &#8220;Weihnachtsmarkt&#8221;, eine Tombola f\u00fcr Kinder und viele nette Gespr\u00e4che bildeten den Rahmen f\u00fcr einen sehr sch\u00f6nen und lustigen [&hellip;]<\/p>\n","protected":false},"author":4,"featured_media":0,"parent":0,"menu_order":0,"comment_status":"closed","ping_status":"closed","template":"","meta":{"footnotes":""},"class_list":["post-162","page","type-page","status-publish","hentry"],"_links":{"self":[{"href":"https:\/\/blog.imageaccess.de\/index.php?rest_route=\/wp\/v2\/pages\/162","targetHints":{"allow":["GET"]}}],"collection":[{"href":"https:\/\/blog.imageaccess.de\/index.php?rest_route=\/wp\/v2\/pages"}],"about":[{"href":"https:\/\/blog.imageaccess.de\/index.php?rest_route=\/wp\/v2\/types\/page"}],"author":[{"embeddable":true,"href":"https:\/\/blog.imageaccess.de\/index.php?rest_route=\/wp\/v2\/users\/4"}],"replies":[{"embeddable":true,"href":"https:\/\/blog.imageaccess.de\/index.php?rest_route=%2Fwp%2Fv2%2Fcomments&post=162"}],"version-history":[{"count":12,"href":"https:\/\/blog.imageaccess.de\/index.php?rest_route=\/wp\/v2\/pages\/162\/revisions"}],"predecessor-version":[{"id":460,"href":"https:\/\/blog.imageaccess.de\/index.php?rest_route=\/wp\/v2\/pages\/162\/revisions\/460"}],"wp:attachment":[{"href":"https:\/\/blog.imageaccess.de\/index.php?rest_route=%2Fwp%2Fv2%2Fmedia&parent=162"}],"curies":[{"name":"wp","href":"https:\/\/api.w.org\/{rel}","templated":true}]}}