{"id":2075,"date":"2019-01-14T14:54:08","date_gmt":"2019-01-14T13:54:08","guid":{"rendered":"https:\/\/blog.imageaccess.de\/?page_id=2075"},"modified":"2019-01-15T14:21:39","modified_gmt":"2019-01-15T13:21:39","slug":"wenn-scannen-in-die-millionen-geht","status":"publish","type":"page","link":"https:\/\/blog.imageaccess.de\/?page_id=2075","title":{"rendered":"Wenn Scannen in die Millionen geht"},"content":{"rendered":"\n<figure class=\"wp-block-image is-resized\"><img loading=\"lazy\" decoding=\"async\" src=\"https:\/\/blog.imageaccess.de\/wp-content\/uploads\/2019\/01\/IMG_1912_klein.jpg\" alt=\"\" class=\"wp-image-2097\" width=\"652\" height=\"303\"\/><figcaption>Langlebige und nachhaltige Qualit\u00e4t: Mehr als 4,2 Millionen Scans wurden mit diesem WideTEK 36DS der ersten Generation digitalisiert\u00a0\u00a0<\/figcaption><\/figure>\n\n\n\n<p>Mehr als acht Jahre in Benutzung, \u00fcber 4,2 Millionen Scans und ein sehr zufriedener Kunde. Das ist die Essenz eines von Image Access im Jahr 2010 verkauften Gro\u00dfformat Duplex Scanners WideTEK 36DS-300 an die Nielsen Media Research GmbH. <\/p>\n\n\n\n<p>Das in Hamburg ans\u00e4ssige Unternehmen ermittelt seit mehr als 50 Jahren die Bruttowerbeaufwendungen in den Above-the-line-Medien in Deutschland sowie f\u00fcr die Mediengattungen Direct Mail, At-Retail-Media und Transport Media. Dar\u00fcber hinaus erfasst Nielsen die Werbekreationen in den verschiedenen Medien und beobachtet Blogs oder Internetforen. Konsumg\u00fcterhersteller, Handel und Dienstleister, Unternehmen in der Medien- und Unterhaltungsbranche, Werbeagenturen, Mediaagenturen sowie die Internet-Community vertrauen auf das Know How und die langj\u00e4hrige Erfahrung. Die Nielsen Media Research GmbH ist ein Unternehmen der Nielsen Company mit Sitz in New York und geh\u00f6rt zu einem internationalen Konzern.<\/p>\n\n\n\n<p>Das Besondere am Duplex Scanner WideTEK 36DS ist das doppelseitige Digitalisieren von Dokumenten, das es so weltweit nur von Image Access gibt. Besonders Presse- und Clippingdienste profitieren davon, beidseitig bedruckte Dokumente mit einer Breite von bis zu 36 Zoll (915 mm) scannen zu k\u00f6nnen. Bei einer Aufl\u00f6sung von 300 dpi betr\u00e4gt die Scanzeit f\u00fcr die Vorder-und R\u00fcckseite eines Zeitungsbogens nur 2,5 Sekunden. L\u00e4stiges Umdrehen der Vorlage entf\u00e4llt, das bedeutet Zeitersparnis und unkompliziertes Handling. <\/p>\n\n\n\n<p>Nielsen ben\u00f6tigte 2010 f\u00fcr die Auswertung von Printmedien zwei Gro\u00dfformatscanner, mit dem vor allem Zeitungen gescannt werden k\u00f6nnen. <\/p>\n\n\n\n<p>Holger Weeke, Vertriebsleiter Deutschland von Image Access, erinnert sich: \u201eAls Nielsen damals mit dem Auftrag an uns herantrat, war der WideTEK 36DS sozusagen in den Kinderschuhen. 2009 wurde er entwickelt und somit war das Hamburger Unternehmen eines der ersten Kunden, die mit dem Duplex Scanner arbeiteten. Unsere Produkte stehen seit jeher f\u00fcr Langlebigkeit und hohe Qualit\u00e4t, aber ein Volumen von 4,2 Millionen digitalisierter Dokumente erleben auch wir nicht alle Tage. Theoretisch kann man immer noch mit den Ger\u00e4ten scannen, aber nach acht Jahren Gebrauch nicht mehr in der Anfangsqualit\u00e4t. Nielsen hat inzwischen neue <a href=\"https:\/\/www.imageaccess.de\/?page=ScannersWT36DS-600&amp;lang=de\">WideTEK 36DS<\/a> Ger\u00e4te von uns erworben. Die jetzige Generation \u00fcberzeugt durch eine noch bessere Kameratechnologie und h\u00f6here Schnelligkeit beim Scannen\u201c. <\/p>\n\n\n\n<p>Neben Hamburg steht auch am Irland-Standort der Image Access Scanner. Zudem hat der amerikanische Mutterkonzern, die Nielsen Company, gute Erfahrungen mit dem High Class Produkt gemacht. <\/p>\n\n\n\n<div class=\"wp-block-image\"><figure class=\"aligncenter is-resized\"><img loading=\"lazy\" decoding=\"async\" src=\"https:\/\/blog.imageaccess.de\/wp-content\/uploads\/2019\/01\/IMG_1918_klein.png\" alt=\"\" class=\"wp-image-2111\" width=\"458\" height=\"269\"\/><figcaption>Der WideTEK 36DS &#8211; Scanner ist aus<\/figcaption><\/figure><\/div>\n\n\n\n<div class=\"wp-block-image\"><figure class=\"aligncenter is-resized\"><img loading=\"lazy\" decoding=\"async\" src=\"https:\/\/blog.imageaccess.de\/wp-content\/uploads\/2019\/01\/IMG_1915_klein.jpg\" alt=\"\" class=\"wp-image-2102\" width=\"461\" height=\"208\"\/><figcaption>Der WideTEK 36DS &#8211; Scanner ist an<\/figcaption><\/figure><\/div>\n\n\n\n<div class=\"wp-block-image\"><figure class=\"aligncenter is-resized\"><img loading=\"lazy\" decoding=\"async\" src=\"https:\/\/blog.imageaccess.de\/wp-content\/uploads\/2019\/01\/IMG_1883_klein.jpg\" alt=\"\" class=\"wp-image-2099\" width=\"470\" height=\"399\"\/><figcaption>Nat\u00fcrlich k\u00f6nnen auch andere Vorlagen <br>mit dem WideTEK 36DS digitalisiert werden<\/figcaption><\/figure><\/div>\n","protected":false},"excerpt":{"rendered":"<p>Mehr als acht Jahre in Benutzung, \u00fcber 4,2 Millionen Scans und ein sehr zufriedener Kunde. Das ist die Essenz eines von Image Access im Jahr 2010 verkauften Gro\u00dfformat Duplex Scanners WideTEK 36DS-300 an die Nielsen Media Research GmbH. Das in Hamburg ans\u00e4ssige Unternehmen ermittelt seit mehr als 50 Jahren die [&hellip;]<\/p>\n","protected":false},"author":4,"featured_media":2116,"parent":0,"menu_order":0,"comment_status":"closed","ping_status":"closed","template":"","meta":{"footnotes":""},"class_list":["post-2075","page","type-page","status-publish","has-post-thumbnail","hentry"],"_links":{"self":[{"href":"https:\/\/blog.imageaccess.de\/index.php?rest_route=\/wp\/v2\/pages\/2075","targetHints":{"allow":["GET"]}}],"collection":[{"href":"https:\/\/blog.imageaccess.de\/index.php?rest_route=\/wp\/v2\/pages"}],"about":[{"href":"https:\/\/blog.imageaccess.de\/index.php?rest_route=\/wp\/v2\/types\/page"}],"author":[{"embeddable":true,"href":"https:\/\/blog.imageaccess.de\/index.php?rest_route=\/wp\/v2\/users\/4"}],"replies":[{"embeddable":true,"href":"https:\/\/blog.imageaccess.de\/index.php?rest_route=%2Fwp%2Fv2%2Fcomments&post=2075"}],"version-history":[{"count":19,"href":"https:\/\/blog.imageaccess.de\/index.php?rest_route=\/wp\/v2\/pages\/2075\/revisions"}],"predecessor-version":[{"id":2118,"href":"https:\/\/blog.imageaccess.de\/index.php?rest_route=\/wp\/v2\/pages\/2075\/revisions\/2118"}],"wp:featuredmedia":[{"embeddable":true,"href":"https:\/\/blog.imageaccess.de\/index.php?rest_route=\/wp\/v2\/media\/2116"}],"wp:attachment":[{"href":"https:\/\/blog.imageaccess.de\/index.php?rest_route=%2Fwp%2Fv2%2Fmedia&parent=2075"}],"curies":[{"name":"wp","href":"https:\/\/api.w.org\/{rel}","templated":true}]}}