{"id":2403,"date":"2019-05-23T14:44:12","date_gmt":"2019-05-23T12:44:12","guid":{"rendered":"https:\/\/blog.imageaccess.de\/?page_id=2403"},"modified":"2019-05-23T14:44:12","modified_gmt":"2019-05-23T12:44:12","slug":"image-access-scanner-erfullen-fadgi-digitalisierungsrichtlinien","status":"publish","type":"page","link":"https:\/\/blog.imageaccess.de\/?page_id=2403","title":{"rendered":"Image Access Scanner erf\u00fcllen FADGI-Digitalisierungsrichtlinien"},"content":{"rendered":"\n<div class=\"wp-block-image\"><figure class=\"aligncenter\"><img loading=\"lazy\" decoding=\"async\" width=\"565\" height=\"145\" src=\"https:\/\/blog.imageaccess.de\/wp-content\/uploads\/2019\/05\/Logos_FADGI-ISO.png\" alt=\"\" class=\"wp-image-2406\"\/><\/figure><\/div>\n\n\n\n<p>Die &#8220;Federal Agencies Digitization Guidelines Initiative&#8221;, kurz FADGI genannt, ist in den USA beheimatet und arbeitet seit Jahren an Richtlinien f\u00fcr Digitalisierungsprojekte im Umfeld von Kulturg\u00fctern (Cultural Heritage). <\/p>\n\n\n\n<p>F\u00fchrende deutsche und internationale Kulturinstitute orientieren sich schon seit geraumer Zeit an den FADGI Richtlinien. Diese Richtlinien beschreiben wie Qualit\u00e4tsstandards in Digitalisierungsprojekten nachvollziehbar und nachhaltig sichergestellt werden k\u00f6nnen. FADGI beschreibt hierbei nicht nur die Technik, sondern hat den gesamten &#8220;digitalen Sch\u00f6pfungsprozess&#8221; im Fokus.<\/p>\n\n\n\n<p>Die ISO (International Organization for Standardization) hat mit der ISO 19264 &#8211; Image Quality Analysis &#8211; Qualit\u00e4tskriterien f\u00fcr digitale Images festgelegt. Diese ISO-Norm findet im europ\u00e4ischen Raum immer mehr Beachtung und gewinnt somit mehr und mehr an Bedeutung f\u00fcr die Qualit\u00e4tsbeurteilung von digitalen Images.<\/p>\n\n\n\n<p>Die Qualit\u00e4t eines Scans ist nur so gut wie das Gesamtsystem, welches aus vielen Komponenten und Prozessen besteht. Neben der Scanner-Hardware, d.h. verwendete CCD-Zeile, Qualit\u00e4t des Objektives etc., ist das Licht (interne, kontrollierte Lichtquelle des Scanners, externe Lichtquellen wie Deckenlicht oder Sonnenlicht) von zentraler Bedeutung. Sogar der Scan-Operator im neutralen oder farbigen T-Shirt hat einen Einfluss auf die Scan-Qualit\u00e4t. Vor- oder nachgelagerte Bildbearbeitungsalgorithmen tragen ihren Teil zur Bildqualit\u00e4t bei.<\/p>\n\n\n\n<p>Image Access hat, f\u00fcr die komplette Familie der <a rel=\"noreferrer noopener\" aria-label=\"Bookeye (opens in a new tab)\" href=\"https:\/\/www.imageaccess.de\/?page=ScannersBookscanner&amp;lang=de&amp;pk_campaign=NewsLetter201902_Mai\" target=\"_blank\">Bookeye<\/a> und <a rel=\"noreferrer noopener\" aria-label=\"WideTEK (opens in a new tab)\" href=\"https:\/\/www.imageaccess.de\/?page=ScannersWideformat&amp;lang=de&amp;pk_campaign=NewsLetter201902_Mai\" target=\"_blank\">WideTEK<\/a> Scanner, diese Guidelines \u00fcbernommen. In einem Positionspapier <a href=\"http:\/\/support.imageaccess.de\/downloads\/product_manuals\/FAQ\/FAQ-Quality-Controlled-Scanning.pdf?pk_campaign=NewsLetter201902_Mai\">Quality Controlled Scanning (ISO 19264-1, FADGI, Metamorfoze)<\/a> wird detailliert beschrieben, wie die FADGI und  ISO 19264-1 Guidelines, mit Scannern aus dem Hause von Image Access, eingehalten werden.<\/p>\n","protected":false},"excerpt":{"rendered":"<p>Die &#8220;Federal Agencies Digitization Guidelines Initiative&#8221;, kurz FADGI genannt, ist in den USA beheimatet und arbeitet seit Jahren an Richtlinien f\u00fcr Digitalisierungsprojekte im Umfeld von Kulturg\u00fctern (Cultural Heritage). F\u00fchrende deutsche und internationale Kulturinstitute orientieren sich schon seit geraumer Zeit an den FADGI Richtlinien. Diese Richtlinien beschreiben wie Qualit\u00e4tsstandards in Digitalisierungsprojekten [&hellip;]<\/p>\n","protected":false},"author":4,"featured_media":2474,"parent":0,"menu_order":0,"comment_status":"closed","ping_status":"closed","template":"","meta":{"footnotes":""},"class_list":["post-2403","page","type-page","status-publish","has-post-thumbnail","hentry"],"_links":{"self":[{"href":"https:\/\/blog.imageaccess.de\/index.php?rest_route=\/wp\/v2\/pages\/2403","targetHints":{"allow":["GET"]}}],"collection":[{"href":"https:\/\/blog.imageaccess.de\/index.php?rest_route=\/wp\/v2\/pages"}],"about":[{"href":"https:\/\/blog.imageaccess.de\/index.php?rest_route=\/wp\/v2\/types\/page"}],"author":[{"embeddable":true,"href":"https:\/\/blog.imageaccess.de\/index.php?rest_route=\/wp\/v2\/users\/4"}],"replies":[{"embeddable":true,"href":"https:\/\/blog.imageaccess.de\/index.php?rest_route=%2Fwp%2Fv2%2Fcomments&post=2403"}],"version-history":[{"count":6,"href":"https:\/\/blog.imageaccess.de\/index.php?rest_route=\/wp\/v2\/pages\/2403\/revisions"}],"predecessor-version":[{"id":2475,"href":"https:\/\/blog.imageaccess.de\/index.php?rest_route=\/wp\/v2\/pages\/2403\/revisions\/2475"}],"wp:featuredmedia":[{"embeddable":true,"href":"https:\/\/blog.imageaccess.de\/index.php?rest_route=\/wp\/v2\/media\/2474"}],"wp:attachment":[{"href":"https:\/\/blog.imageaccess.de\/index.php?rest_route=%2Fwp%2Fv2%2Fmedia&parent=2403"}],"curies":[{"name":"wp","href":"https:\/\/api.w.org\/{rel}","templated":true}]}}