{"id":2409,"date":"2019-05-23T14:53:00","date_gmt":"2019-05-23T12:53:00","guid":{"rendered":"https:\/\/blog.imageaccess.de\/?page_id=2409"},"modified":"2019-05-23T14:55:08","modified_gmt":"2019-05-23T12:55:08","slug":"internationaler-partnertag-wirft-seine-schatten-voraus","status":"publish","type":"page","link":"https:\/\/blog.imageaccess.de\/?page_id=2409","title":{"rendered":"Internationaler PartnerTag wirft seine Schatten voraus"},"content":{"rendered":"\n<p>Alle zwei Jahre l\u00e4dt das <a href=\"https:\/\/www.imageaccess.de\/?page=ImageAccessTeam&amp;lang=de&amp;pk_campaign=NewsLetter201902_Mai\">Image Access Team<\/a> zum internationalen PartnerTag ein. Rund 60 Vertriebspartner aus aller Welt treffen sich vom 3. &#8211; 5. Juli in Wuppertal und tauschen sich zu Neuigkeiten rund um das Thema Scannen und Digitalisieren aus. <\/p>\n\n\n\n<p>Ein buntes Programm, bestehend aus Vortr\u00e4gen, Austausch, Networking, gutem Essen und einem Social Event, erwartet die Teilnehmer, die aus aller Herren L\u00e4nder extra anreisen. Ob Europa, Australien oder Japan &#8211; mit vielen L\u00e4ndern verbindet Image Access eine jahrelange erfolgreiche Zusammenarbeit. Die 2013 gegr\u00fcndete Image Access LP, amerikanische Tochter der deutschen Zentrale, ist f\u00fcr das US-Gesch\u00e4ft verantwortlich und bringt weitere Partner, u. a. aus Mexiko, mit. <\/p>\n\n\n\n<p>Dieses Jahr steht ganz im Zeichen des 25j\u00e4hrigen Firmenjubil\u00e4ums von Image Access und damit verbunden der Vorstellung und Pr\u00e4sentation einer neuen Scannergeneration. Um welchen Scanner es sich handelt und was die neue Generation ausmacht, wird an dieser Stelle noch nicht verraten. <\/p>\n","protected":false},"excerpt":{"rendered":"<p>Alle zwei Jahre l\u00e4dt das Image Access Team zum internationalen PartnerTag ein. Rund 60 Vertriebspartner aus aller Welt treffen sich vom 3. &#8211; 5. Juli in Wuppertal und tauschen sich zu Neuigkeiten rund um das Thema Scannen und Digitalisieren aus. Ein buntes Programm, bestehend aus Vortr\u00e4gen, Austausch, Networking, gutem Essen [&hellip;]<\/p>\n","protected":false},"author":4,"featured_media":2411,"parent":0,"menu_order":0,"comment_status":"closed","ping_status":"closed","template":"","meta":{"footnotes":""},"class_list":["post-2409","page","type-page","status-publish","has-post-thumbnail","hentry"],"_links":{"self":[{"href":"https:\/\/blog.imageaccess.de\/index.php?rest_route=\/wp\/v2\/pages\/2409","targetHints":{"allow":["GET"]}}],"collection":[{"href":"https:\/\/blog.imageaccess.de\/index.php?rest_route=\/wp\/v2\/pages"}],"about":[{"href":"https:\/\/blog.imageaccess.de\/index.php?rest_route=\/wp\/v2\/types\/page"}],"author":[{"embeddable":true,"href":"https:\/\/blog.imageaccess.de\/index.php?rest_route=\/wp\/v2\/users\/4"}],"replies":[{"embeddable":true,"href":"https:\/\/blog.imageaccess.de\/index.php?rest_route=%2Fwp%2Fv2%2Fcomments&post=2409"}],"version-history":[{"count":4,"href":"https:\/\/blog.imageaccess.de\/index.php?rest_route=\/wp\/v2\/pages\/2409\/revisions"}],"predecessor-version":[{"id":2476,"href":"https:\/\/blog.imageaccess.de\/index.php?rest_route=\/wp\/v2\/pages\/2409\/revisions\/2476"}],"wp:featuredmedia":[{"embeddable":true,"href":"https:\/\/blog.imageaccess.de\/index.php?rest_route=\/wp\/v2\/media\/2411"}],"wp:attachment":[{"href":"https:\/\/blog.imageaccess.de\/index.php?rest_route=%2Fwp%2Fv2%2Fmedia&parent=2409"}],"curies":[{"name":"wp","href":"https:\/\/api.w.org\/{rel}","templated":true}]}}