{"id":243,"date":"2018-01-18T11:40:31","date_gmt":"2018-01-18T10:40:31","guid":{"rendered":"https:\/\/blog.imageaccess.de\/?page_id=243"},"modified":"2018-01-18T11:40:31","modified_gmt":"2018-01-18T10:40:31","slug":"einzigartig-schnell-der-neue-widetek-48cl-600","status":"publish","type":"page","link":"https:\/\/blog.imageaccess.de\/?page_id=243","title":{"rendered":"<img title=\"German Flag\" src=\"https:\/\/blog.imageaccess.de\/wp-content\/uploads\/2018\/01\/German-Flag.png\" \/>\u00a0Einzigartig schnell \u2013 der neue WideTEK 48CL-600"},"content":{"rendered":"<p style=\"text-align: left;\">Der <a href=\"https:\/\/www.imageaccess.de\/?page=ScannersWT48CL-600&amp;lang=en\" target=\"_blank\" rel=\"noopener\"><strong>WideTEK\u00ae 48CL-600<\/strong><\/a> ist das neueste Mitglied in der Familie der Image Access Gro\u00dfformatscanner.<\/p>\n<p><img loading=\"lazy\" decoding=\"async\" src=\"https:\/\/blog.imageaccess.de\/wp-content\/uploads\/2018\/01\/WT48CL-600_RENDER_FRONTAL_TOUCH_TEMPLATE_DRAWING-1.png\" alt=\"\" class=\"alignleft wp-image-252\" width=\"400\" height=\"239\" \/><\/p>\n<p style=\"text-align: left;\">\u201eWir sind stolz, mit dem WideTEK 48CL-600 den derzeit schnellsten und gleichzeitig preisg\u00fcnstigsten<br \/>\n48 Zoll Color CIS Einzugscanner anzubieten. Wie alle Ger\u00e4te aus dem Hause Image Access wurde auch dieses ausschlie\u00dflich am <a href=\"https:\/\/www.google.de\/maps\/place\/Image+Access+GmbH\/@51.2929027,7.1808567,17z\/data=!3m1!4b1!4m5!3m4!1s0x47b8d7f915f93e0f:0xfd79b7e4f1ff334d!8m2!3d51.2928994!4d7.1830454?hl=de\">Unternehmensstandort Wuppertal<\/a> \u201eMade in Germany\u201c gefertigt. Qualit\u00e4t zu einem vern\u00fcnftigen Preis ist und bleibt unser Credo\u201c, so Gesch\u00e4ftsf\u00fchrer und Vertriebsleiter R\u00fcdiger Klepsch.<\/p>\n<p style=\"text-align: left;\">Mit einer maximalen Geschwindigkeit von 10 Zoll pro Sekunde bei einer Aufl\u00f6sung von 150 dpi erzeugt der 48CL-600 brillante Bilder und \u00fcberzeugt auch bei h\u00f6heren dpi Zahlen durch seine schnellen Scanzeiten. Die maximale Scanner Aufl\u00f6sung betr\u00e4gt 1200 x 1200 dpi. Wie der kleinere<br \/>\nWideTEK 36CL-600 auch, verf\u00fcgt das Komplettger\u00e4t \u00fcber einen integrierten Linux PC und die Scan2Net Technologie. Kompatibel mit allen Betriebssystemen sind so hochwertige Anwendungen u. a. f\u00fcr Architektur, Vermessungstechnik, Reprografie oder Mediaclipping m\u00f6glich.<\/p>\n<p style=\"text-align: left;\">Neugierig geworden? Mehr zu Image Access und unserer Ger\u00e4teneuheit: <a href=\"https:\/\/www.imageaccess.de\">https:\/\/www.imageaccess.de\u00a0<\/a><\/p>\n<div id=\"attachment_273\" style=\"width: 398px\" class=\"wp-caption aligncenter\"><img loading=\"lazy\" decoding=\"async\" aria-describedby=\"caption-attachment-273\" src=\"https:\/\/blog.imageaccess.de\/wp-content\/uploads\/2018\/01\/WT48CL-600_RENDER_FRONTAL_PLOTTER-1.png\" alt=\"\" class=\"wp-image-273\" width=\"388\" height=\"286\" \/><p id=\"caption-attachment-273\" class=\"wp-caption-text\">Frontansicht<\/p><\/div>\n<p style=\"text-align: left;\"><a href=\"https:\/\/www.imageaccess.de\"><\/a><\/p>\n","protected":false},"excerpt":{"rendered":"<p>Der WideTEK\u00ae 48CL-600 ist das neueste Mitglied in der Familie der Image Access Gro\u00dfformatscanner. \u201eWir sind stolz, mit dem WideTEK 48CL-600 den derzeit schnellsten und gleichzeitig preisg\u00fcnstigsten 48 Zoll Color CIS Einzugscanner anzubieten. Wie alle Ger\u00e4te aus dem Hause Image Access wurde auch dieses ausschlie\u00dflich am Unternehmensstandort Wuppertal \u201eMade in [&hellip;]<\/p>\n","protected":false},"author":4,"featured_media":0,"parent":0,"menu_order":0,"comment_status":"closed","ping_status":"closed","template":"","meta":{"footnotes":""},"class_list":["post-243","page","type-page","status-publish","hentry"],"_links":{"self":[{"href":"https:\/\/blog.imageaccess.de\/index.php?rest_route=\/wp\/v2\/pages\/243","targetHints":{"allow":["GET"]}}],"collection":[{"href":"https:\/\/blog.imageaccess.de\/index.php?rest_route=\/wp\/v2\/pages"}],"about":[{"href":"https:\/\/blog.imageaccess.de\/index.php?rest_route=\/wp\/v2\/types\/page"}],"author":[{"embeddable":true,"href":"https:\/\/blog.imageaccess.de\/index.php?rest_route=\/wp\/v2\/users\/4"}],"replies":[{"embeddable":true,"href":"https:\/\/blog.imageaccess.de\/index.php?rest_route=%2Fwp%2Fv2%2Fcomments&post=243"}],"version-history":[{"count":38,"href":"https:\/\/blog.imageaccess.de\/index.php?rest_route=\/wp\/v2\/pages\/243\/revisions"}],"predecessor-version":[{"id":302,"href":"https:\/\/blog.imageaccess.de\/index.php?rest_route=\/wp\/v2\/pages\/243\/revisions\/302"}],"wp:attachment":[{"href":"https:\/\/blog.imageaccess.de\/index.php?rest_route=%2Fwp%2Fv2%2Fmedia&parent=243"}],"curies":[{"name":"wp","href":"https:\/\/api.w.org\/{rel}","templated":true}]}}