{"id":2467,"date":"2019-05-23T14:36:24","date_gmt":"2019-05-23T12:36:24","guid":{"rendered":"https:\/\/blog.imageaccess.de\/?page_id=2467"},"modified":"2019-05-23T14:36:24","modified_gmt":"2019-05-23T12:36:24","slug":"update-beim-widetek-36art-kunstscanner-digitalisiert-mit-durchlichteinheit","status":"publish","type":"page","link":"https:\/\/blog.imageaccess.de\/?page_id=2467","title":{"rendered":"Update beim WideTEK\u00ae 36ART \u2013 Kunstscanner digitalisiert mit Durchlichteinheit"},"content":{"rendered":"\n<div class=\"wp-block-image\"><figure class=\"alignright\"><img loading=\"lazy\" decoding=\"async\" width=\"560\" height=\"330\" src=\"https:\/\/blog.imageaccess.de\/wp-content\/uploads\/2019\/05\/WT36ART-1.png\" alt=\"\" class=\"wp-image-2469\"\/><\/figure><\/div>\n\n\n\n<p>Seit 2017 sorgt der ber\u00fchrungslose Kunstscanner f\u00fcr Furore in der weltweiten Museums- und Galerieszene. <\/p>\n\n\n\n<p>Die neue Durchlichteinheit, erstmalig vom holl\u00e4ndischen Kunden Artex angewendet, verspricht besonders f\u00fcr Glasobjekte oder transparente Vorlagen hervorragende Scanergebnisse.<\/p>\n\n\n\n<p>Der <a href=\"https:\/\/www.imageaccess.de\/?page=ScannersWT36ART-600&amp;lang=de&amp;pk_campaign=NewsLetter201902_Mai\">WideTEK\u00ae 36ART<\/a> bringt einen noch h\u00f6heren Return on Investment mit der Option Backlight zum Scannen von transparentem Material aller Art, wie z.B. Bleiglas, Glasnegativen, Ausschnittschablonen oder Sepias. Auch transparente Stoffe und flache Objekte k\u00f6nnen digitalisiert und mit einer geringen Nachbearbeitung freigestellt werden. Anhand eines installierten Backlight-Moduls kann der Anwender je nach Bedarf des Quellmaterials mit oder ohne Hintergrundbeleuchtung scannen, indem er das Licht einfach ein- oder ausschaltet. <\/p>\n\n\n<p><!--EndFragment--><\/p>\n\n\n<p><\/p>\n","protected":false},"excerpt":{"rendered":"<p>Seit 2017 sorgt der ber\u00fchrungslose Kunstscanner f\u00fcr Furore in der weltweiten Museums- und Galerieszene. Die neue Durchlichteinheit, erstmalig vom holl\u00e4ndischen Kunden Artex angewendet, verspricht besonders f\u00fcr Glasobjekte oder transparente Vorlagen hervorragende Scanergebnisse. Der WideTEK\u00ae 36ART bringt einen noch h\u00f6heren Return on Investment mit der Option Backlight zum Scannen von transparentem [&hellip;]<\/p>\n","protected":false},"author":4,"featured_media":0,"parent":0,"menu_order":0,"comment_status":"closed","ping_status":"closed","template":"","meta":{"footnotes":""},"class_list":["post-2467","page","type-page","status-publish","hentry"],"_links":{"self":[{"href":"https:\/\/blog.imageaccess.de\/index.php?rest_route=\/wp\/v2\/pages\/2467","targetHints":{"allow":["GET"]}}],"collection":[{"href":"https:\/\/blog.imageaccess.de\/index.php?rest_route=\/wp\/v2\/pages"}],"about":[{"href":"https:\/\/blog.imageaccess.de\/index.php?rest_route=\/wp\/v2\/types\/page"}],"author":[{"embeddable":true,"href":"https:\/\/blog.imageaccess.de\/index.php?rest_route=\/wp\/v2\/users\/4"}],"replies":[{"embeddable":true,"href":"https:\/\/blog.imageaccess.de\/index.php?rest_route=%2Fwp%2Fv2%2Fcomments&post=2467"}],"version-history":[{"count":3,"href":"https:\/\/blog.imageaccess.de\/index.php?rest_route=\/wp\/v2\/pages\/2467\/revisions"}],"predecessor-version":[{"id":2473,"href":"https:\/\/blog.imageaccess.de\/index.php?rest_route=\/wp\/v2\/pages\/2467\/revisions\/2473"}],"wp:attachment":[{"href":"https:\/\/blog.imageaccess.de\/index.php?rest_route=%2Fwp%2Fv2%2Fmedia&parent=2467"}],"curies":[{"name":"wp","href":"https:\/\/api.w.org\/{rel}","templated":true}]}}