{"id":310,"date":"2018-02-07T14:33:24","date_gmt":"2018-02-07T13:33:24","guid":{"rendered":"https:\/\/blog.imageaccess.de\/?page_id=310"},"modified":"2018-02-08T12:56:08","modified_gmt":"2018-02-08T11:56:08","slug":"schneller-als-die-polizei-erlaubt-der-neue-widetek-48cl-600","status":"publish","type":"page","link":"https:\/\/blog.imageaccess.de\/?page_id=310","title":{"rendered":"Schneller als die Polizei erlaubt \u2013 der neue WideTEK\u00ae 48CL-600"},"content":{"rendered":"<p><img loading=\"lazy\" decoding=\"async\" src=\"https:\/\/blog.imageaccess.de\/wp-content\/uploads\/2018\/01\/WT48CL-600_RENDER_FRONTAL_TOUCH_TEMPLATE_DRAWING-2.png\" alt=\"The WideTEK 48CL-600 offers &quot;Made in Germany&quot; quality at an affordable price.\" class=\"wp-image-260 aligncenter\" width=\"518\" height=\"310\" \/><\/p>\n<p>Mit einer maximalen Geschwindigkeit von 10 Zoll pro Sekunde bei einer Aufl\u00f6sung von 150 dpi ist der <a href=\"https:\/\/www.imageaccess.de\/?page=ScannersWT48CL-600&amp;lang=de\"><strong>WideTEK\u00ae 48CL-600<\/strong><\/a> derzeit konkurrenzlos unter den 48 Zoll CIS Scannern und erzeugt brillante Bilder. Die maximale Scanner Aufl\u00f6sung betr\u00e4gt 1200 x 1200 dpi. Wie der kleinere WideTEK\u00ae 36CL-600 auch, verf\u00fcgt das Komplettger\u00e4t \u00fcber einen integrierten Linux PC und die Scan2Net Technologie. Kompatibel mit allen Betriebssystemen sind so hochwertige Anwendungen u. a. f\u00fcr Architektur, Vermessungstechnik, Reprografie oder Mediaclipping m\u00f6glich. Neben dem Basismodell stellt Image Access drei weitere Bundles zur Verf\u00fcgung und bietet optional u. a. einen Unterstand mit verstellbarem Papierfang oder eine erweiterte Garantie von bis zu 5 Jahre an.<\/p>\n<p>\u201eWir sind stolz, mit dem <strong>WideTEK<sup>\u00ae<\/sup> 48CL-600<\/strong> den derzeit schnellsten und gleichzeitig preisg\u00fcnstigsten 48 Zoll Color CIS Einzugscanner anzubieten. Wie alle Ger\u00e4te aus dem Hause Image Access wurde auch dieses ausschlie\u00dflich am <a href=\"https:\/\/www.google.de\/maps\/place\/Image+Access+GmbH\/@51.2929027,7.1808567,17z\/data=!3m1!4b1!4m5!3m4!1s0x47b8d7f915f93e0f:0xfd79b7e4f1ff334d!8m2!3d51.2928994!4d7.1830454?hl=de\">Unternehmensstandort Wuppertal<\/a> \u201eMade in Germany\u201c gefertigt. Qualit\u00e4t zu einem vern\u00fcnftigen Preis ist und bleibt unser Credo\u201c, so Gesch\u00e4ftsf\u00fchrer und Vertriebsleiter R\u00fcdiger Klepsch.<\/p>\n<p>Neugierig geworden? Kontaktieren Sie uns: <a href=\"https:\/\/www.imageaccess.de\/?page=ImageAccessTeam&amp;lang=de\">https:\/\/www.imageaccess.de\/?page=ImageAccessTeam&amp;lang=de<\/a><\/p>\n<div id=\"attachment_251\" style=\"width: 456px\" class=\"wp-caption aligncenter\"><img loading=\"lazy\" decoding=\"async\" aria-describedby=\"caption-attachment-251\" src=\"https:\/\/blog.imageaccess.de\/wp-content\/uploads\/2018\/01\/WT48CL-600_RENDER_DIAGONAL_TEMPLATE_DRAWING_p.png\" alt=\"\" class=\" wp-image-251\" width=\"446\" height=\"275\" \/><p id=\"caption-attachment-251\" class=\"wp-caption-text\">Diagonale Ansicht<\/p><\/div>\n<p>&nbsp;<\/p>\n<p>&nbsp;<\/p>\n<p><strong>\u00a0<\/strong><\/p>\n","protected":false},"excerpt":{"rendered":"<p>Mit einer maximalen Geschwindigkeit von 10 Zoll pro Sekunde bei einer Aufl\u00f6sung von 150 dpi ist der WideTEK\u00ae 48CL-600 derzeit konkurrenzlos unter den 48 Zoll CIS Scannern und erzeugt brillante Bilder. Die maximale Scanner Aufl\u00f6sung betr\u00e4gt 1200 x 1200 dpi. Wie der kleinere WideTEK\u00ae 36CL-600 auch, verf\u00fcgt das Komplettger\u00e4t \u00fcber [&hellip;]<\/p>\n","protected":false},"author":4,"featured_media":0,"parent":0,"menu_order":0,"comment_status":"closed","ping_status":"closed","template":"","meta":{"footnotes":""},"class_list":["post-310","page","type-page","status-publish","hentry"],"_links":{"self":[{"href":"https:\/\/blog.imageaccess.de\/index.php?rest_route=\/wp\/v2\/pages\/310","targetHints":{"allow":["GET"]}}],"collection":[{"href":"https:\/\/blog.imageaccess.de\/index.php?rest_route=\/wp\/v2\/pages"}],"about":[{"href":"https:\/\/blog.imageaccess.de\/index.php?rest_route=\/wp\/v2\/types\/page"}],"author":[{"embeddable":true,"href":"https:\/\/blog.imageaccess.de\/index.php?rest_route=\/wp\/v2\/users\/4"}],"replies":[{"embeddable":true,"href":"https:\/\/blog.imageaccess.de\/index.php?rest_route=%2Fwp%2Fv2%2Fcomments&post=310"}],"version-history":[{"count":11,"href":"https:\/\/blog.imageaccess.de\/index.php?rest_route=\/wp\/v2\/pages\/310\/revisions"}],"predecessor-version":[{"id":430,"href":"https:\/\/blog.imageaccess.de\/index.php?rest_route=\/wp\/v2\/pages\/310\/revisions\/430"}],"wp:attachment":[{"href":"https:\/\/blog.imageaccess.de\/index.php?rest_route=%2Fwp%2Fv2%2Fmedia&parent=310"}],"curies":[{"name":"wp","href":"https:\/\/api.w.org\/{rel}","templated":true}]}}