{"id":342,"date":"2018-02-07T14:34:59","date_gmt":"2018-02-07T13:34:59","guid":{"rendered":"https:\/\/blog.imageaccess.de\/?page_id=342"},"modified":"2018-02-07T14:34:59","modified_gmt":"2018-02-07T13:34:59","slug":"image-access-webinar","status":"publish","type":"page","link":"https:\/\/blog.imageaccess.de\/?page_id=342","title":{"rendered":"Image Access Webinar"},"content":{"rendered":"<p><img loading=\"lazy\" decoding=\"async\" src=\"https:\/\/blog.imageaccess.de\/wp-content\/uploads\/2018\/01\/Schriftzug-ART.png\" alt=\"\" class=\"wp-image-344 alignleft\" width=\"246\" height=\"73\" \/>\u00dcber den <a href=\"https:\/\/www.imageaccess.de\/?page=ScannersWT36ART-600&amp;lang=de\"><strong>WideTEK\u00ae 36ART<\/strong><\/a> berichtet Steve Andrikut, Sales Director Nordamerika, praxisorientiert am 13. M\u00e4rz 2018. Von APDSP (Association of Printing and Data Solutions Professionals) als Redner eingeladen, stellt er Zielm\u00e4rkte und Anwendungsm\u00f6glichkeiten vor und diskutiert gemeinsam mit Christian Cummins von Idaho Blueprint \u00fcber dessen erfolgreiche Umsetzung von Projekten mit Gro\u00dfformatscannern. Mehr Informationen zum Webinar und Teilnahmem\u00f6glichkeit:\u00a0 <a href=\"http:\/\/www.apdsp.org\/blogs\/Repro-Industry-News\/profiting-from-scanning-is-focus-of-next-webinar\/\">http:\/\/www.apdsp.org\/blogs\/Repro-Industry-News\/profiting-from-scanning-is-focus-of-next-webinar\/<\/a> Bitte beachten Sie, dass das Webinar ausschlie\u00dflich in Englisch gehalten wird.<\/p>\n<p><img loading=\"lazy\" decoding=\"async\" src=\"https:\/\/blog.imageaccess.de\/wp-content\/uploads\/2018\/02\/Rubrik3_APDSP_Webinar.png\" alt=\"\" class=\"alignnone wp-image-375\" width=\"542\" height=\"356\" \/><\/p>\n","protected":false},"excerpt":{"rendered":"<p>\u00dcber den WideTEK\u00ae 36ART berichtet Steve Andrikut, Sales Director Nordamerika, praxisorientiert am 13. M\u00e4rz 2018. Von APDSP (Association of Printing and Data Solutions Professionals) als Redner eingeladen, stellt er Zielm\u00e4rkte und Anwendungsm\u00f6glichkeiten vor und diskutiert gemeinsam mit Christian Cummins von Idaho Blueprint \u00fcber dessen erfolgreiche Umsetzung von Projekten mit Gro\u00dfformatscannern. [&hellip;]<\/p>\n","protected":false},"author":4,"featured_media":0,"parent":0,"menu_order":0,"comment_status":"closed","ping_status":"closed","template":"","meta":{"footnotes":""},"class_list":["post-342","page","type-page","status-publish","hentry"],"_links":{"self":[{"href":"https:\/\/blog.imageaccess.de\/index.php?rest_route=\/wp\/v2\/pages\/342","targetHints":{"allow":["GET"]}}],"collection":[{"href":"https:\/\/blog.imageaccess.de\/index.php?rest_route=\/wp\/v2\/pages"}],"about":[{"href":"https:\/\/blog.imageaccess.de\/index.php?rest_route=\/wp\/v2\/types\/page"}],"author":[{"embeddable":true,"href":"https:\/\/blog.imageaccess.de\/index.php?rest_route=\/wp\/v2\/users\/4"}],"replies":[{"embeddable":true,"href":"https:\/\/blog.imageaccess.de\/index.php?rest_route=%2Fwp%2Fv2%2Fcomments&post=342"}],"version-history":[{"count":8,"href":"https:\/\/blog.imageaccess.de\/index.php?rest_route=\/wp\/v2\/pages\/342\/revisions"}],"predecessor-version":[{"id":380,"href":"https:\/\/blog.imageaccess.de\/index.php?rest_route=\/wp\/v2\/pages\/342\/revisions\/380"}],"wp:attachment":[{"href":"https:\/\/blog.imageaccess.de\/index.php?rest_route=%2Fwp%2Fv2%2Fmedia&parent=342"}],"curies":[{"name":"wp","href":"https:\/\/api.w.org\/{rel}","templated":true}]}}