{"id":355,"date":"2018-01-30T15:48:22","date_gmt":"2018-01-30T14:48:22","guid":{"rendered":"https:\/\/blog.imageaccess.de\/?page_id=355"},"modified":"2018-01-30T15:57:07","modified_gmt":"2018-01-30T14:57:07","slug":"355-2","status":"publish","type":"page","link":"https:\/\/blog.imageaccess.de\/?page_id=355","title":{"rendered":"Image Access Scanner begeisterten auf der SITEM 2018"},"content":{"rendered":"<p>Vom 23.-25. Januar 2018 fand in Paris die <a href=\"http:\/\/www.museumexperts.com\/?_locale=en\" title=\"Museumsmesse\" target=\"_blank\" rel=\"noopener\">SITEM<\/a>, internationale Messe f\u00fcr Museen und kulturellen Tourismus, statt.<\/p>\n<p>In diesem Rahmen pr\u00e4sentierte <a href=\"http:\/\/www.progeima.com\/\" title=\"Autorisierter Distributor f\u00fcr Buchscanner Bookeye und Gro\u00dfformatscanner WideTEK\" target=\"_blank\" rel=\"noopener\">Progeima<\/a>, Partnerunternehmen von Image Access, zum ersten Mal in Frankreich den Kunstscanner\u00a0<a href=\"https:\/\/www.imageaccess.de\/?page=ScannersWT36ART-600&amp;lang=de\"><strong><\/strong>WideTEK\u00ae 36ART.<\/a> Viele Besucher nutzen die Gelegenheit, dieses spezielle Produkt mit all seinen Features und technischen Raffinessen kennenzulernen und die Digitalisierung von historischen Gem\u00e4lden, Zeichnungen und fragilen Oberfl\u00e4chen live zu erleben und auszutesten.<\/p>\n<p>Des Weiteren konnte die Image Access <a href=\"https:\/\/www.imageaccess.de\/?page=ScannersBE4-SGS-V2&amp;lang=de\">Bookeye<sup>\u00ae<\/sup> 4 V2\u00a0<\/a><strong><\/strong>Reihe begeistern, die sich vor allem als flexible L\u00f6sung f\u00fcr alle Anwendungen rund um das Scannen von B\u00fcchern, Zeitschriften, Zeitungen oder auch Akten eignet.<\/p>\n\n\t\t<style type=\"text\/css\">\n\t\t\t#gallery-1 {\n\t\t\t\tmargin: auto;\n\t\t\t}\n\t\t\t#gallery-1 .gallery-item {\n\t\t\t\tfloat: left;\n\t\t\t\tmargin-top: 10px;\n\t\t\t\ttext-align: center;\n\t\t\t\twidth: 33%;\n\t\t\t}\n\t\t\t#gallery-1 img {\n\t\t\t\tborder: 2px solid #cfcfcf;\n\t\t\t}\n\t\t\t#gallery-1 .gallery-caption {\n\t\t\t\tmargin-left: 0;\n\t\t\t}\n\t\t\t\/* see gallery_shortcode() in wp-includes\/media.php *\/\n\t\t<\/style>\n\t\t<div id='gallery-1' class='gallery galleryid-355 gallery-columns-3 gallery-size-thumbnail'><dl class='gallery-item'>\n\t\t\t<dt class='gallery-icon landscape'>\n\t\t\t\t<a href='https:\/\/blog.imageaccess.de\/?attachment_id=338'><img loading=\"lazy\" decoding=\"async\" width=\"300\" height=\"225\" src=\"https:\/\/blog.imageaccess.de\/wp-content\/uploads\/2018\/01\/20180123_145857.jpg\" class=\"attachment-thumbnail size-thumbnail\" alt=\"\" aria-describedby=\"gallery-1-338\" \/><\/a>\n\t\t\t<\/dt>\n\t\t\t\t<dd class='wp-caption-text gallery-caption' id='gallery-1-338'>\n\t\t\t\tMembers of the Garde imperiale, Napoleons small group of elite soldiers, posed while protecting the WideTEK 36ART from peril\n\t\t\t\t<\/dd><\/dl><dl class='gallery-item'>\n\t\t\t<dt class='gallery-icon landscape'>\n\t\t\t\t<a href='https:\/\/blog.imageaccess.de\/?attachment_id=334'><img loading=\"lazy\" decoding=\"async\" width=\"300\" height=\"225\" src=\"https:\/\/blog.imageaccess.de\/wp-content\/uploads\/2018\/01\/20180125_132349_001.jpg\" class=\"attachment-thumbnail size-thumbnail\" alt=\"\" aria-describedby=\"gallery-1-334\" \/><\/a>\n\t\t\t<\/dt>\n\t\t\t\t<dd class='wp-caption-text gallery-caption' id='gallery-1-334'>\n\t\t\t\tAlec Olleviers from Progeima (left) demonstrated the versatility of the Bookeye 4 V2 series.\n\t\t\t\t<\/dd><\/dl><dl class='gallery-item'>\n\t\t\t<dt class='gallery-icon landscape'>\n\t\t\t\t<a href='https:\/\/blog.imageaccess.de\/?attachment_id=333'><img loading=\"lazy\" decoding=\"async\" width=\"300\" height=\"225\" src=\"https:\/\/blog.imageaccess.de\/wp-content\/uploads\/2018\/01\/20180124_121138.jpg\" class=\"attachment-thumbnail size-thumbnail\" alt=\"\" aria-describedby=\"gallery-1-333\" \/><\/a>\n\t\t\t<\/dt>\n\t\t\t\t<dd class='wp-caption-text gallery-caption' id='gallery-1-333'>\n\t\t\t\tBernard Grazilhon (right) of Progeima showed interested attendees how simple it is to digitize art with the WideTEK 36ART.\n\t\t\t\t<\/dd><\/dl><br style=\"clear: both\" \/><dl class='gallery-item'>\n\t\t\t<dt class='gallery-icon landscape'>\n\t\t\t\t<a href='https:\/\/blog.imageaccess.de\/?attachment_id=348'><img loading=\"lazy\" decoding=\"async\" width=\"300\" height=\"225\" src=\"https:\/\/blog.imageaccess.de\/wp-content\/uploads\/2018\/01\/20180123_113234.jpg\" class=\"attachment-thumbnail size-thumbnail\" alt=\"\" aria-describedby=\"gallery-1-348\" \/><\/a>\n\t\t\t<\/dt>\n\t\t\t\t<dd class='wp-caption-text gallery-caption' id='gallery-1-348'>\n\t\t\t\tBernard Grazilhon (central) explained the unique illumination system used in the Bookeye familiy of overhead book scanners\n\t\t\t\t<\/dd><\/dl>\n\t\t\t<br style='clear: both' \/>\n\t\t<\/div>\n\n<p><span><\/span><\/p>\n","protected":false},"excerpt":{"rendered":"<p>Vom 23.-25. Januar 2018 fand in Paris die SITEM, internationale Messe f\u00fcr Museen und kulturellen Tourismus, statt. In diesem Rahmen pr\u00e4sentierte Progeima, Partnerunternehmen von Image Access, zum ersten Mal in Frankreich den Kunstscanner\u00a0WideTEK\u00ae 36ART. Viele Besucher nutzen die Gelegenheit, dieses spezielle Produkt mit all seinen Features und technischen Raffinessen kennenzulernen [&hellip;]<\/p>\n","protected":false},"author":4,"featured_media":0,"parent":0,"menu_order":0,"comment_status":"closed","ping_status":"closed","template":"","meta":{"footnotes":""},"class_list":["post-355","page","type-page","status-publish","hentry"],"_links":{"self":[{"href":"https:\/\/blog.imageaccess.de\/index.php?rest_route=\/wp\/v2\/pages\/355","targetHints":{"allow":["GET"]}}],"collection":[{"href":"https:\/\/blog.imageaccess.de\/index.php?rest_route=\/wp\/v2\/pages"}],"about":[{"href":"https:\/\/blog.imageaccess.de\/index.php?rest_route=\/wp\/v2\/types\/page"}],"author":[{"embeddable":true,"href":"https:\/\/blog.imageaccess.de\/index.php?rest_route=\/wp\/v2\/users\/4"}],"replies":[{"embeddable":true,"href":"https:\/\/blog.imageaccess.de\/index.php?rest_route=%2Fwp%2Fv2%2Fcomments&post=355"}],"version-history":[{"count":15,"href":"https:\/\/blog.imageaccess.de\/index.php?rest_route=\/wp\/v2\/pages\/355\/revisions"}],"predecessor-version":[{"id":367,"href":"https:\/\/blog.imageaccess.de\/index.php?rest_route=\/wp\/v2\/pages\/355\/revisions\/367"}],"wp:attachment":[{"href":"https:\/\/blog.imageaccess.de\/index.php?rest_route=%2Fwp%2Fv2%2Fmedia&parent=355"}],"curies":[{"name":"wp","href":"https:\/\/api.w.org\/{rel}","templated":true}]}}