{"id":3834,"date":"2021-01-14T14:23:56","date_gmt":"2021-01-14T13:23:56","guid":{"rendered":"https:\/\/blog.imageaccess.de\/?page_id=3834"},"modified":"2021-01-14T14:23:56","modified_gmt":"2021-01-14T13:23:56","slug":"osmanische-archive-digitalisieren-historische-quellen-mit-den-bookeye-scannern-von-image-access","status":"publish","type":"page","link":"https:\/\/blog.imageaccess.de\/?page_id=3834","title":{"rendered":"Osmanische Archive digitalisieren historische Quellen mit den Bookeye-Scannern von Image Access"},"content":{"rendered":"\n<p><\/p>\n\n\n\n<figure class=\"wp-block-table is-style-regular\"><table><tbody><tr><td><\/td><td><br><a href=\"https:\/\/hazine.info\/basbakanlik-arsivi\/#pll_switcher\">Die Osmanischen Archive<\/a> in Istanbul sind eine Sammlung historischer Quellen mit Bezug zum Osmanischen Reich und geh\u00f6ren zu den gr\u00f6\u00dften Archiven der Welt. Sie decken insgesamt 39 Nationen ab, deren Territorien einst Teil des Osmanischen Reiches waren. Die Archive enthalten eine riesige Sammlung einzigartiger Dokumente, die die Verwaltung eines der gr\u00f6\u00dften Reiche der Geschichte betreffen. Nach mehr als einem Jahrhundert im Zentrum der Altstadt wurden die Osmanischen Archive 2013 in den Stadtteil Ka\u011f\u0131thane in Istanbul verlegt. Dort befindet sich auch das zentrale Staatsarchiv der T\u00fcrkei.<br><br>F\u00fcr die Digitalisierung der enormen Anzahl von Dokumenten &#8211; einige davon stammen bereits aus dem 16. Jahrhundert &#8211; setzen die Archivare in Istanbul die hochprofessionellen <a href=\"https:\/\/www.imageaccess.de\/?page=ScannersBE4-SGS-V1&amp;lang=de\">Bookeye 4 V1A\u00ae-Scanner <\/a>von Image Access ein. Bis heute wurden bereits mehr als 30 Millionen dieser historischen, fragilen und einzigartigen Dokumente f\u00fcr die Online-Nachwelt festgehalten.<br><\/td><\/tr><\/tbody><\/table><\/figure>\n\n\n\n<figure class=\"wp-block-gallery columns-3 is-cropped wp-block-gallery-1 is-layout-flex wp-block-gallery-is-layout-flex\"><ul class=\"blocks-gallery-grid\"><li class=\"blocks-gallery-item\"><figure><img loading=\"lazy\" decoding=\"async\" width=\"1024\" height=\"576\" src=\"https:\/\/blog.imageaccess.de\/wp-content\/uploads\/2021\/01\/IMG-2020-12-02-011-1-1024x576.jpg\" alt=\"\" data-id=\"3824\" data-full-url=\"https:\/\/blog.imageaccess.de\/wp-content\/uploads\/2021\/01\/IMG-2020-12-02-011-1.jpg\" data-link=\"https:\/\/blog.imageaccess.de\/?attachment_id=3824\" class=\"wp-image-3824\" srcset=\"https:\/\/blog.imageaccess.de\/wp-content\/uploads\/2021\/01\/IMG-2020-12-02-011-1-1024x576.jpg 1024w, https:\/\/blog.imageaccess.de\/wp-content\/uploads\/2021\/01\/IMG-2020-12-02-011-1-600x338.jpg 600w, https:\/\/blog.imageaccess.de\/wp-content\/uploads\/2021\/01\/IMG-2020-12-02-011-1-768x432.jpg 768w, https:\/\/blog.imageaccess.de\/wp-content\/uploads\/2021\/01\/IMG-2020-12-02-011-1-1536x864.jpg 1536w, https:\/\/blog.imageaccess.de\/wp-content\/uploads\/2021\/01\/IMG-2020-12-02-011-1.jpg 1600w\" sizes=\"auto, (max-width: 1024px) 100vw, 1024px\" \/><\/figure><\/li><li class=\"blocks-gallery-item\"><figure><img loading=\"lazy\" decoding=\"async\" width=\"1024\" height=\"576\" src=\"https:\/\/blog.imageaccess.de\/wp-content\/uploads\/2021\/01\/IMG-2020-12-02-008-1-1024x576.jpg\" alt=\"\" data-id=\"3823\" data-full-url=\"https:\/\/blog.imageaccess.de\/wp-content\/uploads\/2021\/01\/IMG-2020-12-02-008-1.jpg\" data-link=\"https:\/\/blog.imageaccess.de\/?attachment_id=3823\" class=\"wp-image-3823\" srcset=\"https:\/\/blog.imageaccess.de\/wp-content\/uploads\/2021\/01\/IMG-2020-12-02-008-1-1024x576.jpg 1024w, https:\/\/blog.imageaccess.de\/wp-content\/uploads\/2021\/01\/IMG-2020-12-02-008-1-600x338.jpg 600w, https:\/\/blog.imageaccess.de\/wp-content\/uploads\/2021\/01\/IMG-2020-12-02-008-1-768x432.jpg 768w, https:\/\/blog.imageaccess.de\/wp-content\/uploads\/2021\/01\/IMG-2020-12-02-008-1-1536x864.jpg 1536w, https:\/\/blog.imageaccess.de\/wp-content\/uploads\/2021\/01\/IMG-2020-12-02-008-1.jpg 1600w\" sizes=\"auto, (max-width: 1024px) 100vw, 1024px\" \/><\/figure><\/li><li class=\"blocks-gallery-item\"><figure><img loading=\"lazy\" decoding=\"async\" width=\"1024\" height=\"576\" src=\"https:\/\/blog.imageaccess.de\/wp-content\/uploads\/2021\/01\/IMG-2020-12-02-001-1-1024x576.jpg\" alt=\"\" data-id=\"3822\" data-full-url=\"https:\/\/blog.imageaccess.de\/wp-content\/uploads\/2021\/01\/IMG-2020-12-02-001-1.jpg\" data-link=\"https:\/\/blog.imageaccess.de\/?attachment_id=3822\" class=\"wp-image-3822\" srcset=\"https:\/\/blog.imageaccess.de\/wp-content\/uploads\/2021\/01\/IMG-2020-12-02-001-1-1024x576.jpg 1024w, https:\/\/blog.imageaccess.de\/wp-content\/uploads\/2021\/01\/IMG-2020-12-02-001-1-600x338.jpg 600w, https:\/\/blog.imageaccess.de\/wp-content\/uploads\/2021\/01\/IMG-2020-12-02-001-1-768x432.jpg 768w, https:\/\/blog.imageaccess.de\/wp-content\/uploads\/2021\/01\/IMG-2020-12-02-001-1-1536x864.jpg 1536w, https:\/\/blog.imageaccess.de\/wp-content\/uploads\/2021\/01\/IMG-2020-12-02-001-1.jpg 1600w\" sizes=\"auto, (max-width: 1024px) 100vw, 1024px\" \/><\/figure><\/li><li class=\"blocks-gallery-item\"><figure><img loading=\"lazy\" decoding=\"async\" width=\"803\" height=\"601\" src=\"https:\/\/blog.imageaccess.de\/wp-content\/uploads\/2021\/01\/IMG-2020-11-12-1.png\" alt=\"\" data-id=\"3821\" data-full-url=\"https:\/\/blog.imageaccess.de\/wp-content\/uploads\/2021\/01\/IMG-2020-11-12-1.png\" data-link=\"https:\/\/blog.imageaccess.de\/?attachment_id=3821\" class=\"wp-image-3821\" srcset=\"https:\/\/blog.imageaccess.de\/wp-content\/uploads\/2021\/01\/IMG-2020-11-12-1.png 803w, https:\/\/blog.imageaccess.de\/wp-content\/uploads\/2021\/01\/IMG-2020-11-12-1-600x449.png 600w, https:\/\/blog.imageaccess.de\/wp-content\/uploads\/2021\/01\/IMG-2020-11-12-1-768x575.png 768w\" sizes=\"auto, (max-width: 803px) 100vw, 803px\" \/><\/figure><\/li><li class=\"blocks-gallery-item\"><figure><img loading=\"lazy\" decoding=\"async\" width=\"1024\" height=\"768\" src=\"https:\/\/blog.imageaccess.de\/wp-content\/uploads\/2021\/01\/img_0968-1024x768-2.jpg\" alt=\"\" data-id=\"3820\" data-full-url=\"https:\/\/blog.imageaccess.de\/wp-content\/uploads\/2021\/01\/img_0968-1024x768-2.jpg\" data-link=\"https:\/\/blog.imageaccess.de\/?attachment_id=3820\" class=\"wp-image-3820\" srcset=\"https:\/\/blog.imageaccess.de\/wp-content\/uploads\/2021\/01\/img_0968-1024x768-2.jpg 1024w, https:\/\/blog.imageaccess.de\/wp-content\/uploads\/2021\/01\/img_0968-1024x768-2-600x450.jpg 600w, https:\/\/blog.imageaccess.de\/wp-content\/uploads\/2021\/01\/img_0968-1024x768-2-768x576.jpg 768w\" sizes=\"auto, (max-width: 1024px) 100vw, 1024px\" \/><\/figure><\/li><li class=\"blocks-gallery-item\"><figure><img loading=\"lazy\" decoding=\"async\" width=\"564\" height=\"768\" src=\"https:\/\/blog.imageaccess.de\/wp-content\/uploads\/2021\/01\/EMK-1.jpg\" alt=\"\" data-id=\"3818\" data-full-url=\"https:\/\/blog.imageaccess.de\/wp-content\/uploads\/2021\/01\/EMK-1.jpg\" data-link=\"https:\/\/blog.imageaccess.de\/?attachment_id=3818\" class=\"wp-image-3818\" srcset=\"https:\/\/blog.imageaccess.de\/wp-content\/uploads\/2021\/01\/EMK-1.jpg 564w, https:\/\/blog.imageaccess.de\/wp-content\/uploads\/2021\/01\/EMK-1-441x600.jpg 441w\" sizes=\"auto, (max-width: 564px) 100vw, 564px\" \/><\/figure><\/li><\/ul><\/figure>\n","protected":false},"excerpt":{"rendered":"<p>Die Osmanischen Archive in Istanbul sind eine Sammlung historischer Quellen mit Bezug zum Osmanischen Reich und geh\u00f6ren zu den gr\u00f6\u00dften Archiven der Welt. Sie decken insgesamt 39 Nationen ab, deren Territorien einst Teil des Osmanischen Reiches waren. Die Archive enthalten eine riesige Sammlung einzigartiger Dokumente, die die Verwaltung eines der [&hellip;]<\/p>\n","protected":false},"author":4,"featured_media":3821,"parent":0,"menu_order":0,"comment_status":"closed","ping_status":"closed","template":"","meta":{"footnotes":""},"class_list":["post-3834","page","type-page","status-publish","has-post-thumbnail","hentry"],"_links":{"self":[{"href":"https:\/\/blog.imageaccess.de\/index.php?rest_route=\/wp\/v2\/pages\/3834","targetHints":{"allow":["GET"]}}],"collection":[{"href":"https:\/\/blog.imageaccess.de\/index.php?rest_route=\/wp\/v2\/pages"}],"about":[{"href":"https:\/\/blog.imageaccess.de\/index.php?rest_route=\/wp\/v2\/types\/page"}],"author":[{"embeddable":true,"href":"https:\/\/blog.imageaccess.de\/index.php?rest_route=\/wp\/v2\/users\/4"}],"replies":[{"embeddable":true,"href":"https:\/\/blog.imageaccess.de\/index.php?rest_route=%2Fwp%2Fv2%2Fcomments&post=3834"}],"version-history":[{"count":10,"href":"https:\/\/blog.imageaccess.de\/index.php?rest_route=\/wp\/v2\/pages\/3834\/revisions"}],"predecessor-version":[{"id":3847,"href":"https:\/\/blog.imageaccess.de\/index.php?rest_route=\/wp\/v2\/pages\/3834\/revisions\/3847"}],"wp:featuredmedia":[{"embeddable":true,"href":"https:\/\/blog.imageaccess.de\/index.php?rest_route=\/wp\/v2\/media\/3821"}],"wp:attachment":[{"href":"https:\/\/blog.imageaccess.de\/index.php?rest_route=%2Fwp%2Fv2%2Fmedia&parent=3834"}],"curies":[{"name":"wp","href":"https:\/\/api.w.org\/{rel}","templated":true}]}}