{"id":820,"date":"2018-05-09T10:24:16","date_gmt":"2018-05-09T08:24:16","guid":{"rendered":"https:\/\/blog.imageaccess.de\/?page_id=820"},"modified":"2018-05-14T11:21:33","modified_gmt":"2018-05-14T09:21:33","slug":"widetek-36ds-erstrahlt-mit-neuster-technik-im-frischen-glanz","status":"publish","type":"page","link":"https:\/\/blog.imageaccess.de\/?page_id=820","title":{"rendered":"WideTEK\u00ae 36DS erstrahlt mit neuster Technik im frischen Glanz"},"content":{"rendered":"<p><img loading=\"lazy\" decoding=\"async\" src=\"https:\/\/blog.imageaccess.de\/wp-content\/uploads\/2018\/04\/WT36DS-600_New_Design_BLOG.png\" alt=\"\" class=\" wp-image-812 aligncenter\" width=\"603\" height=\"579\" \/><\/p>\n<p>Der <a href=\"https:\/\/www.imageaccess.de\/?page=ScannersWT36DS-600&amp;lang=de\">WideTEK<sup>\u00ae<\/sup>\u00a0<\/a><a href=\"https:\/\/www.imageaccess.de\/?page=ScannersWT36DS-600&amp;lang=de\">36DS<\/a> ist der weltweit einzige Gro\u00dfformat Duplex Scanner mit einer maximalen Scanbreite von 36 Zoll (915 mm). Bei einer Aufl\u00f6sung von 300 dpi betr\u00e4gt die Scanzeit f\u00fcr die Vorder- und R\u00fcckseite eines Zeitungsbogens nur 2,5 Sekunden. Wie alle Scanner der Image Access WideTEK<sup>\u00ae<\/sup> Familie profitiert auch dieser von den bew\u00e4hrten Software-Technologien wie Scan2Net<sup>\u00ae<\/sup> oder ScanWizard.<\/p>\n<p>Ende des letzten Jahres erhielt der WideTEK<sup>\u00ae<\/sup> 36DS ein wertigeres Design und neueste Technik. Ein modernes Farbschema und ein ergonomisch \u00fcberarbeiteter Papierauffangkorb lassen den<br \/>\nWideTEK<sup>\u00ae<\/sup> 36DS auch in modernen B\u00fcroumgebungen seinen Platz finden.<\/p>\n<p>Neben dem Design erhielt auch die Technik weitreichende Verbesserungen. So wurde die Optoelektronik komplett \u00fcberarbeitet. Zum Einsatz kommt jetzt die aktuellste H4 Kamerageneration. Mit dieser ist die Scangeschwindigkeit bei 600 dpi fast doppelt so hoch wie mit der vorherigen. Auch die Bildqualit\u00e4t hat sich dank 48 Bit Farbtiefe gesteigert. \u00a0Die Schnittstellen wurden um einen HDMI-Anschluss erweitert, so dann nun auch die neuste Generation hochaufl\u00f6sender Monitore angebunden werden kann.<\/p>\n<p>Sie m\u00f6chten mehr erfahren? Unser <a href=\"https:\/\/www.imageaccess.de\/?page=ImageAccessTeam&amp;lang=de\">Team<\/a> ber\u00e4t Sie gerne!<\/p>\n","protected":false},"excerpt":{"rendered":"<p>Der WideTEK\u00ae\u00a036DS ist der weltweit einzige Gro\u00dfformat Duplex Scanner mit einer maximalen Scanbreite von 36 Zoll (915 mm). Bei einer Aufl\u00f6sung von 300 dpi betr\u00e4gt die Scanzeit f\u00fcr die Vorder- und R\u00fcckseite eines Zeitungsbogens nur 2,5 Sekunden. Wie alle Scanner der Image Access WideTEK\u00ae Familie profitiert auch dieser von den [&hellip;]<\/p>\n","protected":false},"author":4,"featured_media":812,"parent":0,"menu_order":0,"comment_status":"closed","ping_status":"closed","template":"","meta":{"footnotes":""},"class_list":["post-820","page","type-page","status-publish","has-post-thumbnail","hentry"],"_links":{"self":[{"href":"https:\/\/blog.imageaccess.de\/index.php?rest_route=\/wp\/v2\/pages\/820","targetHints":{"allow":["GET"]}}],"collection":[{"href":"https:\/\/blog.imageaccess.de\/index.php?rest_route=\/wp\/v2\/pages"}],"about":[{"href":"https:\/\/blog.imageaccess.de\/index.php?rest_route=\/wp\/v2\/types\/page"}],"author":[{"embeddable":true,"href":"https:\/\/blog.imageaccess.de\/index.php?rest_route=\/wp\/v2\/users\/4"}],"replies":[{"embeddable":true,"href":"https:\/\/blog.imageaccess.de\/index.php?rest_route=%2Fwp%2Fv2%2Fcomments&post=820"}],"version-history":[{"count":6,"href":"https:\/\/blog.imageaccess.de\/index.php?rest_route=\/wp\/v2\/pages\/820\/revisions"}],"predecessor-version":[{"id":969,"href":"https:\/\/blog.imageaccess.de\/index.php?rest_route=\/wp\/v2\/pages\/820\/revisions\/969"}],"wp:featuredmedia":[{"embeddable":true,"href":"https:\/\/blog.imageaccess.de\/index.php?rest_route=\/wp\/v2\/media\/812"}],"wp:attachment":[{"href":"https:\/\/blog.imageaccess.de\/index.php?rest_route=%2Fwp%2Fv2%2Fmedia&parent=820"}],"curies":[{"name":"wp","href":"https:\/\/api.w.org\/{rel}","templated":true}]}}