{"id":830,"date":"2018-05-09T10:32:06","date_gmt":"2018-05-09T08:32:06","guid":{"rendered":"https:\/\/blog.imageaccess.de\/?page_id=830"},"modified":"2018-05-09T10:32:06","modified_gmt":"2018-05-09T08:32:06","slug":"kooperation-mit-epson-scannen-und-drucken-gehen-hand-in-hand","status":"publish","type":"page","link":"https:\/\/blog.imageaccess.de\/?page_id=830","title":{"rendered":"Kooperation mit Epson: Scannen und Drucken gehen Hand in Hand"},"content":{"rendered":"\n\t\t<style type=\"text\/css\">\n\t\t\t#gallery-1 {\n\t\t\t\tmargin: auto;\n\t\t\t}\n\t\t\t#gallery-1 .gallery-item {\n\t\t\t\tfloat: left;\n\t\t\t\tmargin-top: 10px;\n\t\t\t\ttext-align: center;\n\t\t\t\twidth: 33%;\n\t\t\t}\n\t\t\t#gallery-1 img {\n\t\t\t\tborder: 2px solid #cfcfcf;\n\t\t\t}\n\t\t\t#gallery-1 .gallery-caption {\n\t\t\t\tmargin-left: 0;\n\t\t\t}\n\t\t\t\/* see gallery_shortcode() in wp-includes\/media.php *\/\n\t\t<\/style>\n\t\t<div id='gallery-1' class='gallery galleryid-830 gallery-columns-3 gallery-size-thumbnail'><dl class='gallery-item'>\n\t\t\t<dt class='gallery-icon landscape'>\n\t\t\t\t<a href='https:\/\/blog.imageaccess.de\/?attachment_id=835'><img loading=\"lazy\" decoding=\"async\" width=\"300\" height=\"200\" src=\"https:\/\/blog.imageaccess.de\/wp-content\/uploads\/2018\/05\/IMG_0797.jpg\" class=\"attachment-thumbnail size-thumbnail\" alt=\"\" \/><\/a>\n\t\t\t<\/dt><\/dl><dl class='gallery-item'>\n\t\t\t<dt class='gallery-icon landscape'>\n\t\t\t\t<a href='https:\/\/blog.imageaccess.de\/?attachment_id=834'><img loading=\"lazy\" decoding=\"async\" width=\"300\" height=\"200\" src=\"https:\/\/blog.imageaccess.de\/wp-content\/uploads\/2018\/05\/IMG_0790.jpg\" class=\"attachment-thumbnail size-thumbnail\" alt=\"\" \/><\/a>\n\t\t\t<\/dt><\/dl><dl class='gallery-item'>\n\t\t\t<dt class='gallery-icon landscape'>\n\t\t\t\t<a href='https:\/\/blog.imageaccess.de\/?attachment_id=833'><img loading=\"lazy\" decoding=\"async\" width=\"300\" height=\"200\" src=\"https:\/\/blog.imageaccess.de\/wp-content\/uploads\/2018\/05\/IMG_0788.jpg\" class=\"attachment-thumbnail size-thumbnail\" alt=\"\" \/><\/a>\n\t\t\t<\/dt><\/dl><br style=\"clear: both\" \/>\n\t\t<\/div>\n\n<p>Damit Kunden technisch umfassend ausgestattet werden k\u00f6nnen, kooperiert Image Access mit verschiedenen Herstellern von Gro\u00dfformatdruckern. Dazu z\u00e4hlt auch das international agierende Unternehmen <a href=\"https:\/\/www.epson.de\/\">Epson<\/a>.<\/p>\n<p>Durch die Software <a href=\"https:\/\/www.imageaccess.de\/?page=SoftwarePrintWizard&amp;lang=de\">PrintWizard<\/a>, die optional zu jedem WideTEK<span style=\"font-family: Helvetica, Arial, Nimbus\\ Sans\\ L, sans-serif;\" size=\"-1\" face=\"Helvetica, Arial, Nimbus Sans L, sans-serif\"><sup>\u00ae<\/sup><\/span> Scanner erh\u00e4ltlich ist, wird zwischen Scanner und Drucker eine Verbindung geschaffen, die beide Ger\u00e4te zu einer All-in-One L\u00f6sung erweitert. Zeitersparnis und eine einfache, unkomplizierte Bedienung sind die Vorteile. So k\u00f6nnen \u00fcber einen Kopierbutton am Scanner mit nur einem Knopfdruck Gro\u00dfformatscans erstellt und \u00fcber einen angeschlossenen Drucker ausgegeben werden.<\/p>\n<p>Vor allem f\u00fcr Anwendungen im CAD-Bereich eignen sich diese MFP-Systeme, die durch das Zusammenspiel der Image Access WideTEK<span style=\"font-family: Helvetica, Arial, Nimbus\\ Sans\\ L, sans-serif;\" size=\"-1\" face=\"Helvetica, Arial, Nimbus Sans L, sans-serif\"><sup>\u00ae<\/sup><\/span> Scanner und der Epson SureColor T-Serie Vorlagen von<br \/>\n24 Zoll (61 cm), 36 Zoll (91,4 cm) und 44 Zoll (111,8 cm) gleichzeitig digitalisieren und drucken.<\/p>\n","protected":false},"excerpt":{"rendered":"<p>Damit Kunden technisch umfassend ausgestattet werden k\u00f6nnen, kooperiert Image Access mit verschiedenen Herstellern von Gro\u00dfformatdruckern. Dazu z\u00e4hlt auch das international agierende Unternehmen Epson. Durch die Software PrintWizard, die optional zu jedem WideTEK\u00ae Scanner erh\u00e4ltlich ist, wird zwischen Scanner und Drucker eine Verbindung geschaffen, die beide Ger\u00e4te zu einer All-in-One L\u00f6sung [&hellip;]<\/p>\n","protected":false},"author":4,"featured_media":833,"parent":0,"menu_order":0,"comment_status":"closed","ping_status":"closed","template":"","meta":{"footnotes":""},"class_list":["post-830","page","type-page","status-publish","has-post-thumbnail","hentry"],"_links":{"self":[{"href":"https:\/\/blog.imageaccess.de\/index.php?rest_route=\/wp\/v2\/pages\/830","targetHints":{"allow":["GET"]}}],"collection":[{"href":"https:\/\/blog.imageaccess.de\/index.php?rest_route=\/wp\/v2\/pages"}],"about":[{"href":"https:\/\/blog.imageaccess.de\/index.php?rest_route=\/wp\/v2\/types\/page"}],"author":[{"embeddable":true,"href":"https:\/\/blog.imageaccess.de\/index.php?rest_route=\/wp\/v2\/users\/4"}],"replies":[{"embeddable":true,"href":"https:\/\/blog.imageaccess.de\/index.php?rest_route=%2Fwp%2Fv2%2Fcomments&post=830"}],"version-history":[{"count":12,"href":"https:\/\/blog.imageaccess.de\/index.php?rest_route=\/wp\/v2\/pages\/830\/revisions"}],"predecessor-version":[{"id":938,"href":"https:\/\/blog.imageaccess.de\/index.php?rest_route=\/wp\/v2\/pages\/830\/revisions\/938"}],"wp:featuredmedia":[{"embeddable":true,"href":"https:\/\/blog.imageaccess.de\/index.php?rest_route=\/wp\/v2\/media\/833"}],"wp:attachment":[{"href":"https:\/\/blog.imageaccess.de\/index.php?rest_route=%2Fwp%2Fv2%2Fmedia&parent=830"}],"curies":[{"name":"wp","href":"https:\/\/api.w.org\/{rel}","templated":true}]}}