{"id":860,"date":"2018-05-07T11:07:02","date_gmt":"2018-05-07T09:07:02","guid":{"rendered":"https:\/\/blog.imageaccess.de\/?page_id=860"},"modified":"2018-05-07T11:44:41","modified_gmt":"2018-05-07T09:44:41","slug":"43-bookeye-4-v2-professional-scanner-digitalisieren-grundbuch-und-katasteramt-der-turkei","status":"publish","type":"page","link":"https:\/\/blog.imageaccess.de\/?page_id=860","title":{"rendered":"43 Bookeye\u00ae 4 V2 Professional Scanner digitalisieren Grundbuch- und Katasteramt der T\u00fcrkei"},"content":{"rendered":"<p><img loading=\"lazy\" decoding=\"async\" src=\"https:\/\/blog.imageaccess.de\/wp-content\/uploads\/2018\/05\/IMG_4501.jpg\" alt=\"\" class=\"wp-image-862 alignright\" width=\"425\" height=\"283\" \/><\/p>\n<p>In das Informationssystem des Grundbuch- und Katasteramtes der T\u00fcrkischen Republik (<a href=\"https:\/\/www.tkgm.gov.tr\/en_\/page\/land-registry-and-cadastre-information-system-takbis\">https:\/\/www.tkgm.gov.tr\/en_\/page\/land-registry-and-cadastre-information-system-takbis)<\/a> hat Image Access Partner <a href=\"http:\/\/www.limeksofis.com\/home\">Limeksofis<\/a> insgesamt<br \/>\n43 <a href=\"https:\/\/www.imageaccess.de\/?page=ScannersBE4-SGS-V2Professional&amp;lang=de\">Bookeye<sup>\u00ae<\/sup> 4 V2 Professional <\/a>Scanner erfolgreich integriert.<\/p>\n<p>&nbsp;<\/p>\n<p>Hierbei galt es, zwei verschiedene Arten von gebundenem Material in den Regionen Ankara, Eskisehir und Konya zu digitalisieren:<br \/>\nI. Katastereintr\u00e4ge<br \/>\nII. Urkunden<\/p>\n<p>Wegen der \u00dcbergr\u00f6\u00dfe der Dokumente konfigurierte Image Access die Buchscanner neu und passte sie somit individuell den speziellen Anforderungen des Auftrags an. Insgesamt wurden rund 750.000 Dokumente gescannt. Operatoren mussten lediglich den jeweiligen Auftrag im jeweiligen Workflow \u00f6ffnen und den Scanbutton dr\u00fccken. Die voreingestellten Scanparameter sorgten daf\u00fcr, dass keine manuellen Fehler entstanden und die Scans automatisch am richtigen Platz im System gespeichert wurden.<\/p>\n<p>Der Buchscanner Bookeye<sup>\u00ae<\/sup> 4 V2 Professional eignet sich f\u00fcr Digitalisierungsprojekte, die hohe Qualit\u00e4t und maximale Produktivit\u00e4t auch im 24\/7 Betrieb erfordern. Vorlagen bis DIN A2+, wie zum Beispiel B\u00fccher, Zeitschriften, Poster, Ordner oder gebundene Dokumente aller Art digitalisiert der Aufsichtsscanner mit hoher Geschwindigkeit und einer maximalen Aufl\u00f6sung von 600 dpi.<\/p>\n\n\t\t<style type=\"text\/css\">\n\t\t\t#gallery-1 {\n\t\t\t\tmargin: auto;\n\t\t\t}\n\t\t\t#gallery-1 .gallery-item {\n\t\t\t\tfloat: left;\n\t\t\t\tmargin-top: 10px;\n\t\t\t\ttext-align: center;\n\t\t\t\twidth: 33%;\n\t\t\t}\n\t\t\t#gallery-1 img {\n\t\t\t\tborder: 2px solid #cfcfcf;\n\t\t\t}\n\t\t\t#gallery-1 .gallery-caption {\n\t\t\t\tmargin-left: 0;\n\t\t\t}\n\t\t\t\/* see gallery_shortcode() in wp-includes\/media.php *\/\n\t\t<\/style>\n\t\t<div id='gallery-1' class='gallery galleryid-860 gallery-columns-3 gallery-size-thumbnail'><dl class='gallery-item'>\n\t\t\t<dt class='gallery-icon landscape'>\n\t\t\t\t<a href='https:\/\/blog.imageaccess.de\/?attachment_id=863'><img loading=\"lazy\" decoding=\"async\" width=\"300\" height=\"169\" src=\"https:\/\/blog.imageaccess.de\/wp-content\/uploads\/2018\/05\/IMG_20150909_105333.jpg\" class=\"attachment-thumbnail size-thumbnail\" alt=\"\" \/><\/a>\n\t\t\t<\/dt><\/dl><dl class='gallery-item'>\n\t\t\t<dt class='gallery-icon landscape'>\n\t\t\t\t<a href='https:\/\/blog.imageaccess.de\/?attachment_id=864'><img loading=\"lazy\" decoding=\"async\" width=\"300\" height=\"169\" src=\"https:\/\/blog.imageaccess.de\/wp-content\/uploads\/2018\/05\/IMG_20151002_115206.jpg\" class=\"attachment-thumbnail size-thumbnail\" alt=\"\" \/><\/a>\n\t\t\t<\/dt><\/dl>\n\t\t\t<br style='clear: both' \/>\n\t\t<\/div>\n\n<p>&nbsp;<\/p>\n","protected":false},"excerpt":{"rendered":"<p>In das Informationssystem des Grundbuch- und Katasteramtes der T\u00fcrkischen Republik (https:\/\/www.tkgm.gov.tr\/en_\/page\/land-registry-and-cadastre-information-system-takbis) hat Image Access Partner Limeksofis insgesamt 43 Bookeye\u00ae 4 V2 Professional Scanner erfolgreich integriert. &nbsp; Hierbei galt es, zwei verschiedene Arten von gebundenem Material in den Regionen Ankara, Eskisehir und Konya zu digitalisieren: I. Katastereintr\u00e4ge II. Urkunden Wegen der [&hellip;]<\/p>\n","protected":false},"author":4,"featured_media":863,"parent":0,"menu_order":0,"comment_status":"closed","ping_status":"closed","template":"","meta":{"footnotes":""},"class_list":["post-860","page","type-page","status-publish","has-post-thumbnail","hentry"],"_links":{"self":[{"href":"https:\/\/blog.imageaccess.de\/index.php?rest_route=\/wp\/v2\/pages\/860","targetHints":{"allow":["GET"]}}],"collection":[{"href":"https:\/\/blog.imageaccess.de\/index.php?rest_route=\/wp\/v2\/pages"}],"about":[{"href":"https:\/\/blog.imageaccess.de\/index.php?rest_route=\/wp\/v2\/types\/page"}],"author":[{"embeddable":true,"href":"https:\/\/blog.imageaccess.de\/index.php?rest_route=\/wp\/v2\/users\/4"}],"replies":[{"embeddable":true,"href":"https:\/\/blog.imageaccess.de\/index.php?rest_route=%2Fwp%2Fv2%2Fcomments&post=860"}],"version-history":[{"count":19,"href":"https:\/\/blog.imageaccess.de\/index.php?rest_route=\/wp\/v2\/pages\/860\/revisions"}],"predecessor-version":[{"id":883,"href":"https:\/\/blog.imageaccess.de\/index.php?rest_route=\/wp\/v2\/pages\/860\/revisions\/883"}],"wp:featuredmedia":[{"embeddable":true,"href":"https:\/\/blog.imageaccess.de\/index.php?rest_route=\/wp\/v2\/media\/863"}],"wp:attachment":[{"href":"https:\/\/blog.imageaccess.de\/index.php?rest_route=%2Fwp%2Fv2%2Fmedia&parent=860"}],"curies":[{"name":"wp","href":"https:\/\/api.w.org\/{rel}","templated":true}]}}